{"id":87,"date":"2021-04-24T12:32:56","date_gmt":"2021-04-24T12:32:56","guid":{"rendered":"https:\/\/baltgrow.eu\/?post_type=product&#038;p=87"},"modified":"2021-05-15T12:00:06","modified_gmt":"2021-05-15T12:00:06","slug":"kushie-kush","status":"publish","type":"product","link":"https:\/\/baltgrow.eu\/et\/toode\/kushie-kush\/","title":{"rendered":"Kushie Kush"},"content":{"rendered":"<h4>Kushi armastus<\/h4>\n<p>V\u00f5ime uhkusega pakkuda teile Kushie Kushi, uut \u00f5itsemise tugevdajat, mis peegeldab Kushi revolutsiooni p\u00f5nevust ja l\u00f5bu. Kushi armastuse jaoks hankige endale t\u00e4na Kushie Kush.<\/p>\n<p>&nbsp;<\/p>\n<h4>Juhend<\/h4>\n<p>Kogu kasvuperioodil 2ml \/ 1L<\/p>\n<p>&nbsp;<\/p>\n<h4>Toode sisaldab<\/h4>\n\n<table id=\"tablepress-42\" class=\"tablepress tablepress-id-42\">\n<tbody class=\"row-hover\">\n<tr class=\"row-1 odd\">\n\t<td class=\"column-1\">L\u00e4mmastik (N)<\/td><td class=\"column-2\">1% w\/w <\/td>\n<\/tr>\n<tr class=\"row-2 even\">\n\t<td class=\"column-1\">1% w\/w Nitraatl\u00e4mmastik <\/td><td class=\"column-2\"><\/td>\n<\/tr>\n<tr class=\"row-3 odd\">\n\t<td class=\"column-1\">Vees lahustuv fosforpentoksiid (P2O5)<\/td><td class=\"column-2\">3% w\/w<\/td>\n<\/tr>\n<tr class=\"row-4 even\">\n\t<td class=\"column-1\">Vees lahustuv kaaliumoksiid (K2O) <\/td><td class=\"column-2\">8% w\/w<\/td>\n<\/tr>\n<\/tbody>\n<\/table>\n<!-- #tablepress-42 from cache -->","protected":false},"excerpt":{"rendered":"<p>For The Love Of Kush Until now, you've only had the same bloom boosters that have been on the store shelves for years. Now we're proud to offer you Kushie Kush, the new bloom booster that mirrors the excitement and fun of the Kush revolution. For the love of Kush, get yourself Kushie Kush today. [&hellip;]<\/p>","protected":false},"featured_media":95,"template":"","meta":[],"product_cat":[24],"product_tag":[],"class_list":{"0":"post-87","1":"product","2":"type-product","3":"status-publish","4":"has-post-thumbnail","6":"product_cat-bigger-buds","8":"first","9":"instock","10":"shipping-taxable","11":"product-type-simple"},"_links":{"self":[{"href":"https:\/\/baltgrow.eu\/et\/wp-json\/wp\/v2\/product\/87","targetHints":{"allow":["GET"]}}],"collection":[{"href":"https:\/\/baltgrow.eu\/et\/wp-json\/wp\/v2\/product"}],"about":[{"href":"https:\/\/baltgrow.eu\/et\/wp-json\/wp\/v2\/types\/product"}],"wp:featuredmedia":[{"embeddable":true,"href":"https:\/\/baltgrow.eu\/et\/wp-json\/wp\/v2\/media\/95"}],"wp:attachment":[{"href":"https:\/\/baltgrow.eu\/et\/wp-json\/wp\/v2\/media?parent=87"}],"wp:term":[{"taxonomy":"product_cat","embeddable":true,"href":"https:\/\/baltgrow.eu\/et\/wp-json\/wp\/v2\/product_cat?post=87"},{"taxonomy":"product_tag","embeddable":true,"href":"https:\/\/baltgrow.eu\/et\/wp-json\/wp\/v2\/product_tag?post=87"}],"curies":[{"name":"wp","href":"https:\/\/api.w.org\/{rel}","templated":true}]}}