{"id":84,"date":"2021-04-24T12:32:16","date_gmt":"2021-04-24T12:32:16","guid":{"rendered":"https:\/\/baltgrow.eu\/?post_type=product&#038;p=84"},"modified":"2021-05-14T21:46:05","modified_gmt":"2021-05-14T21:46:05","slug":"tarantula","status":"publish","type":"product","link":"https:\/\/baltgrow.eu\/et\/toode\/tarantula\/","title":{"rendered":"Tarantula"},"content":{"rendered":"<h4>Pane kasulikud mikroobid oma juurte heaks t\u00f6\u00f6le<\/h4>\n<p>On teada, et teie taimede juurev\u00f6\u00f6ndis asuvad kasulikud mikroobid aitavad protsessides, mis annavad teie taimedele vajalikke elut\u00e4htsaid toitaineid. Pange Tarantula kasulikud mikroobid t\u00e4na oma juurev\u00f6\u00f6ndisse t\u00f6\u00f6le.<\/p>\n<p>&nbsp;<\/p>\n<h4>Juhend<\/h4>\n<ul>\n<li>Vesiaianduses lisada vette kord n\u00e4dalas.<\/li>\n<li>Kookosmullal igal kastmisel.<\/li>\n<li>Mullal 2-4 korda n\u00e4dalas.<\/li>\n<li>2ml \/ 1L kasvuperioodi esimesel ja teisel n\u00e4dalal.<\/li>\n<li>2ml \/ 1L \u00f5itsemise perioodi esimesel ja teisel n\u00e4dalal.<\/li>\n<\/ul>\n<p>When planting seedlings in a pot, place the planting in the bottom of the cavity with 2ml of Tarantula and plant the roots of Tarantula on top of the liquid.<\/p>\n<p>&nbsp;<\/p>\n<h4>Toode sisaldab<\/h4>\n\n<table id=\"tablepress-26\" class=\"tablepress tablepress-id-26\">\n<tbody class=\"row-hover\">\n<tr class=\"row-1 odd\">\n\t<td class=\"column-1\">Arthrobacter globiformis <\/td><td class=\"column-2\">66 x 106 cfu\/mL<\/td>\n<\/tr>\n<tr class=\"row-2 even\">\n\t<td class=\"column-1\">Bacillus coagulans<\/td><td class=\"column-2\">12 x 106 cfu\/mL<\/td>\n<\/tr>\n<tr class=\"row-3 odd\">\n\t<td class=\"column-1\">Bacillus licheniformis<\/td><td class=\"column-2\">10 x 106 cfu\/mL<\/td>\n<\/tr>\n<tr class=\"row-4 even\">\n\t<td class=\"column-1\">Bacillus mucilaginous<\/td><td class=\"column-2\">10 x 106 cfu\/mL<\/td>\n<\/tr>\n<tr class=\"row-5 odd\">\n\t<td class=\"column-1\">Bacillus pumilus<\/td><td class=\"column-2\">33 x 106 cfu\/mL<\/td>\n<\/tr>\n<tr class=\"row-6 even\">\n\t<td class=\"column-1\">Bacillus subtilis<\/td><td class=\"column-2\">10 x 106 cfu\/mL<\/td>\n<\/tr>\n<tr class=\"row-7 odd\">\n\t<td class=\"column-1\">Paenibacillus polymyxa<\/td><td class=\"column-2\">33 x 106 cfu\/mL<\/td>\n<\/tr>\n<\/tbody>\n<\/table>\n<!-- #tablepress-26 from cache -->","protected":false},"excerpt":{"rendered":"<p>Put Beneficial Microbes To Work In Your Root Zone It's a known fact that beneficial microbes in your plants' root zone assist in the processes that give your plants the vital nutrients they need. Put Tarantula's beneficial microbes to work in your hydroponics root zone today. &nbsp; Instructions Add once a week to water. In [&hellip;]<\/p>","protected":false},"featured_media":363,"template":"","meta":[],"product_cat":[26],"product_tag":[],"class_list":{"0":"post-84","1":"product","2":"type-product","3":"status-publish","4":"has-post-thumbnail","6":"product_cat-root-mass-expanders","8":"first","9":"instock","10":"shipping-taxable","11":"product-type-simple"},"_links":{"self":[{"href":"https:\/\/baltgrow.eu\/et\/wp-json\/wp\/v2\/product\/84","targetHints":{"allow":["GET"]}}],"collection":[{"href":"https:\/\/baltgrow.eu\/et\/wp-json\/wp\/v2\/product"}],"about":[{"href":"https:\/\/baltgrow.eu\/et\/wp-json\/wp\/v2\/types\/product"}],"wp:featuredmedia":[{"embeddable":true,"href":"https:\/\/baltgrow.eu\/et\/wp-json\/wp\/v2\/media\/363"}],"wp:attachment":[{"href":"https:\/\/baltgrow.eu\/et\/wp-json\/wp\/v2\/media?parent=84"}],"wp:term":[{"taxonomy":"product_cat","embeddable":true,"href":"https:\/\/baltgrow.eu\/et\/wp-json\/wp\/v2\/product_cat?post=84"},{"taxonomy":"product_tag","embeddable":true,"href":"https:\/\/baltgrow.eu\/et\/wp-json\/wp\/v2\/product_tag?post=84"}],"curies":[{"name":"wp","href":"https:\/\/api.w.org\/{rel}","templated":true}]}}