{"id":83,"date":"2021-04-24T12:32:06","date_gmt":"2021-04-24T12:32:06","guid":{"rendered":"https:\/\/baltgrow.eu\/?post_type=product&#038;p=83"},"modified":"2021-05-14T21:47:07","modified_gmt":"2021-05-14T21:47:07","slug":"voodoo-juice","status":"publish","type":"product","link":"https:\/\/baltgrow.eu\/et\/toode\/voodoo-juice\/","title":{"rendered":"Voodoo Juice"},"content":{"rendered":"<h4>Terve taim saab alguse juurtest<\/h4>\n<p>Nii paljudes aedades on juured unustatud, maa alla peidetud ja hooletusse j\u00e4etud, Ometi on teie taimede juured vastutavad selle eest, et nad v\u00f5taksid oma \u00fcmbert peaaegu k\u00f5ik, mida teie taimed vajavad. K\u00fcsige mitte seda, mida teie juured v\u00f5ivad teie heaks teha, vaid seda, mida teie saate oma juurte heaks teha. Austades juuri, n\u00e4ete tulemusi saagikoristuse ajal. See toode sisaldab taimedele kasulikke mikroobe ja baktereid, mis aitavad juurtel kasvada, juurte hapniku ja toitainete omastamist ning soodustavad eeterlike \u00f5lide arengut.\n<br><br \/>\nV\u00f5ite kasutada ka ainult Tarantulat v\u00f5i Piranhat v\u00f5i kui soovite k\u00f5ige plahvatusohtlikumaid tulemusi, soovitame kasutada k\u00f5iki koos. Tooted loovad koos kasutamisel v\u00e4ga funktsionaalse s\u00fcmbioosi.<\/p>\n<p>&nbsp;<\/p>\n<h4>Juhend<\/h4>\n<ul>\n<li>Vesiaianduses lisada vette kord n\u00e4dalas.<\/li>\n<li>Kookosmullal igal kastmisel.<\/li>\n<li>Mullal 2-4 korda n\u00e4dalas.<\/li>\n<li>2ml \/ 1L kasvuperioodi esimesel ja teisel n\u00e4dalal.<\/li>\n<li>2ml \/ 1L \u00f5itsemise perioodi esimesel ja teisel n\u00e4dalal.<\/li>\n<\/ul>\n<p>&nbsp;<\/p>\n<h4>Toode sisaldab<\/h4>\n\n<table id=\"tablepress-27\" class=\"tablepress tablepress-id-27\">\n<tbody class=\"row-hover\">\n<tr class=\"row-1 odd\">\n\t<td class=\"column-1\">Bacillus licheniformis<\/td><td class=\"column-2\">15 x 106 cfu\/mL<\/td>\n<\/tr>\n<tr class=\"row-2 even\">\n\t<td class=\"column-1\">Bacillus pumilus<\/td><td class=\"column-2\">15 x 106 cfu\/mL<\/td>\n<\/tr>\n<tr class=\"row-3 odd\">\n\t<td class=\"column-1\">Bacillus subtilis<\/td><td class=\"column-2\">10 x 106 cfu\/mL<\/td>\n<\/tr>\n<tr class=\"row-4 even\">\n\t<td class=\"column-1\">Paenibacillus polymyxa<\/td><td class=\"column-2\">20 x 106 cfu\/mL<\/td>\n<\/tr>\n<\/tbody>\n<\/table>\n<!-- #tablepress-27 from cache -->","protected":false},"excerpt":{"rendered":"<p>Get To The Root Of The Matter In so many gardens, the roots are forgotten, hidden away underground, neglected, uncared for workhorses. And yet, your plants' roots are responsible for intaking almost everything your plants need. Ask not what your roots can do for you, but what can you do for your roots. Because when [&hellip;]<\/p>","protected":false},"featured_media":364,"template":"","meta":[],"product_cat":[26],"product_tag":[],"class_list":{"0":"post-83","1":"product","2":"type-product","3":"status-publish","4":"has-post-thumbnail","6":"product_cat-root-mass-expanders","8":"first","9":"instock","10":"shipping-taxable","11":"product-type-simple"},"_links":{"self":[{"href":"https:\/\/baltgrow.eu\/et\/wp-json\/wp\/v2\/product\/83","targetHints":{"allow":["GET"]}}],"collection":[{"href":"https:\/\/baltgrow.eu\/et\/wp-json\/wp\/v2\/product"}],"about":[{"href":"https:\/\/baltgrow.eu\/et\/wp-json\/wp\/v2\/types\/product"}],"wp:featuredmedia":[{"embeddable":true,"href":"https:\/\/baltgrow.eu\/et\/wp-json\/wp\/v2\/media\/364"}],"wp:attachment":[{"href":"https:\/\/baltgrow.eu\/et\/wp-json\/wp\/v2\/media?parent=83"}],"wp:term":[{"taxonomy":"product_cat","embeddable":true,"href":"https:\/\/baltgrow.eu\/et\/wp-json\/wp\/v2\/product_cat?post=83"},{"taxonomy":"product_tag","embeddable":true,"href":"https:\/\/baltgrow.eu\/et\/wp-json\/wp\/v2\/product_tag?post=83"}],"curies":[{"name":"wp","href":"https:\/\/api.w.org\/{rel}","templated":true}]}}