{"id":82,"date":"2021-04-24T12:31:51","date_gmt":"2021-04-24T12:31:51","guid":{"rendered":"https:\/\/baltgrow.eu\/?post_type=product&#038;p=82"},"modified":"2021-05-10T09:34:07","modified_gmt":"2021-05-10T09:34:07","slug":"sensizym","status":"publish","type":"product","link":"https:\/\/baltgrow.eu\/et\/toode\/sensizym\/","title":{"rendered":"Sensizym\u00ae"},"content":{"rendered":"<h4>Ens\u00fc\u00fcmide lisamine juuretsooni on suurep\u00e4rane idee<\/h4>\n<p>Ens\u00fc\u00fcmid on orgaanilised katal\u00fcsaatorid, mis t\u00e4hendab, et nad panevad suurep\u00e4raselt asjad k\u00e4ima. \u00dcks asi, mida nad teie juuretsoonis teevad, on orgaaniliste j\u00e4\u00e4tmete lagundamine. Kasutage praegu Sensizymi, et oma juuretsooni saada kolme erinevat t\u00fc\u00fcpi ens\u00fc\u00fcme.<\/p>\n<p>&nbsp;<\/p>\n<h4>Juhend<\/h4>\n\n<table id=\"tablepress-3\" class=\"tablepress tablepress-id-3\">\n<thead>\n<tr class=\"row-1 odd\">\n\t<th class=\"column-1\">\u00d5itsemisel<\/th><th class=\"column-2\">N\u00e4dal 1 - 6<\/th><th class=\"column-3\">N\u00e4dal 7<\/th>\n<\/tr>\n<\/thead>\n<tbody class=\"row-hover\">\n<tr class=\"row-2 even\">\n\t<td class=\"column-1\"><\/td><td class=\"column-2\">2ml\/1L<\/td><td class=\"column-3\">Loputus<\/td>\n<\/tr>\n<\/tbody>\n<\/table>\n<!-- #tablepress-3 from cache -->\n<p>&nbsp;<\/p>\n<h4>Toode sisaldab<\/h4>\n\n<table id=\"tablepress-28\" class=\"tablepress tablepress-id-28\">\n<tbody class=\"row-hover\">\n<tr class=\"row-1 odd\">\n\t<td class=\"column-1\">Beeta-gl\u00fckanaas<\/td><td class=\"column-2\">10 units\/mL <\/td>\n<\/tr>\n<tr class=\"row-2 even\">\n\t<td class=\"column-1\">Tsellulaas<\/td><td class=\"column-2\">850 units\/mL <\/td>\n<\/tr>\n<tr class=\"row-3 odd\">\n\t<td class=\"column-1\">Ks\u00fclanaas<\/td><td class=\"column-2\">200 units\/mL <\/td>\n<\/tr>\n<\/tbody>\n<\/table>\n<!-- #tablepress-28 from cache -->","protected":false},"excerpt":{"rendered":"<p>Adding Enzymes To Your Rootzone Is A Great Idea Enzymes are organic catalysts, which means they\u2019re great at getting things going. One thing they do in your rootzone is break down organic debris. Use Sensizym right now to get three different types of enzymes into your rootzone. &nbsp; Instructions &nbsp; Contents<\/p>","protected":false},"featured_media":109,"template":"","meta":[],"product_cat":[25,23],"product_tag":[],"class_list":{"0":"post-82","1":"product","2":"type-product","3":"status-publish","4":"has-post-thumbnail","6":"product_cat-crop-substrate","7":"product_cat-supplements","9":"first","10":"instock","11":"shipping-taxable","12":"product-type-simple"},"_links":{"self":[{"href":"https:\/\/baltgrow.eu\/et\/wp-json\/wp\/v2\/product\/82","targetHints":{"allow":["GET"]}}],"collection":[{"href":"https:\/\/baltgrow.eu\/et\/wp-json\/wp\/v2\/product"}],"about":[{"href":"https:\/\/baltgrow.eu\/et\/wp-json\/wp\/v2\/types\/product"}],"wp:featuredmedia":[{"embeddable":true,"href":"https:\/\/baltgrow.eu\/et\/wp-json\/wp\/v2\/media\/109"}],"wp:attachment":[{"href":"https:\/\/baltgrow.eu\/et\/wp-json\/wp\/v2\/media?parent=82"}],"wp:term":[{"taxonomy":"product_cat","embeddable":true,"href":"https:\/\/baltgrow.eu\/et\/wp-json\/wp\/v2\/product_cat?post=82"},{"taxonomy":"product_tag","embeddable":true,"href":"https:\/\/baltgrow.eu\/et\/wp-json\/wp\/v2\/product_tag?post=82"}],"curies":[{"name":"wp","href":"https:\/\/api.w.org\/{rel}","templated":true}]}}