{"id":81,"date":"2021-04-24T12:31:40","date_gmt":"2021-04-24T12:31:40","guid":{"rendered":"https:\/\/baltgrow.eu\/?post_type=product&#038;p=81"},"modified":"2021-05-10T09:35:38","modified_gmt":"2021-05-10T09:35:38","slug":"nirvana","status":"publish","type":"product","link":"https:\/\/baltgrow.eu\/et\/toode\/nirvana\/","title":{"rendered":"Nirvana"},"content":{"rendered":"<h4>See on teie parim valik loodusliku \u00f5ie tugevduse jaoks<\/h4>\n<p>Teie lilled muutuvad suuremaks ja kvaliteetsemaks, kui annate neile Nirvanat. V\u00e4he sellest, Nirvana aitab teie taimi, sest \u00f5itsemisfaasis on neil k\u00f5rge s\u00fcsivesikute kadu ja nad vajavad kaaliumi, mida Nirvana pakub energia tootmiseks. Sisaldab vadakuvalku, mida on paljude ens\u00fc\u00fcmide happehoolduse asemel t\u00f6\u00f6deldud ens\u00fc\u00fcmidega.<\/p>\n<p>&nbsp;<\/p>\n<h4>Juhend<\/h4>\n\n<table id=\"tablepress-2\" class=\"tablepress tablepress-id-2\">\n<thead>\n<tr class=\"row-1 odd\">\n\t<th class=\"column-1\">Kasvufaasis<\/th><th class=\"column-2\">Iga n\u00e4dal<\/th><th class=\"column-3\">\u00d5itsemise faasis<br \/>\n<\/th><th class=\"column-4\">N\u00e4dal 3-6<\/th>\n<\/tr>\n<\/thead>\n<tbody class=\"row-hover\">\n<tr class=\"row-2 even\">\n\t<td class=\"column-1\"><\/td><td class=\"column-2\">2ml\/1L<\/td><td class=\"column-3\"><\/td><td class=\"column-4\">2ml\/1L<\/td>\n<\/tr>\n<\/tbody>\n<\/table>\n<!-- #tablepress-2 from cache -->\n<p>V\u00f5ib kasutada ka lehtede pritsimiseks.<\/p>\n<p>&nbsp;<\/p>\n<h4>Toode sisaldab<\/h4>\n\n<table id=\"tablepress-29\" class=\"tablepress tablepress-id-29\">\n<tbody class=\"row-hover\">\n<tr class=\"row-1 odd\">\n\t<td class=\"column-1\">Vees lahustuv kaaliumoksiid (K2O) <\/td><td class=\"column-2\">1% w\/w<\/td>\n<\/tr>\n<\/tbody>\n<\/table>\n<!-- #tablepress-29 from cache -->","protected":false},"excerpt":{"rendered":"<p>This is Your Best Choice for an All-Natural Flower Booster Your flowers get larger in size and higher in quality when you feed them Nirvana. Not only that, Nirvana helps plants like yours because during bloom phase they have a high carbohydrate turnover and need the potassium Nirvana provides for energy production. Contains whey protein [&hellip;]<\/p>","protected":false},"featured_media":115,"template":"","meta":[],"product_cat":[24,23],"product_tag":[],"class_list":{"0":"post-81","1":"product","2":"type-product","3":"status-publish","4":"has-post-thumbnail","6":"product_cat-bigger-buds","7":"product_cat-supplements","9":"first","10":"instock","11":"shipping-taxable","12":"product-type-simple"},"_links":{"self":[{"href":"https:\/\/baltgrow.eu\/et\/wp-json\/wp\/v2\/product\/81","targetHints":{"allow":["GET"]}}],"collection":[{"href":"https:\/\/baltgrow.eu\/et\/wp-json\/wp\/v2\/product"}],"about":[{"href":"https:\/\/baltgrow.eu\/et\/wp-json\/wp\/v2\/types\/product"}],"wp:featuredmedia":[{"embeddable":true,"href":"https:\/\/baltgrow.eu\/et\/wp-json\/wp\/v2\/media\/115"}],"wp:attachment":[{"href":"https:\/\/baltgrow.eu\/et\/wp-json\/wp\/v2\/media?parent=81"}],"wp:term":[{"taxonomy":"product_cat","embeddable":true,"href":"https:\/\/baltgrow.eu\/et\/wp-json\/wp\/v2\/product_cat?post=81"},{"taxonomy":"product_tag","embeddable":true,"href":"https:\/\/baltgrow.eu\/et\/wp-json\/wp\/v2\/product_tag?post=81"}],"curies":[{"name":"wp","href":"https:\/\/api.w.org\/{rel}","templated":true}]}}