{"id":79,"date":"2021-04-24T12:31:15","date_gmt":"2021-04-24T12:31:15","guid":{"rendered":"https:\/\/baltgrow.eu\/?post_type=product&#038;p=79"},"modified":"2021-05-14T21:49:14","modified_gmt":"2021-05-14T21:49:14","slug":"b-52","status":"publish","type":"product","link":"https:\/\/baltgrow.eu\/et\/toode\/b-52\/","title":{"rendered":"B-52"},"content":{"rendered":"<h4>B Vitamiini lisand<\/h4>\n<p>Vitamiin B5 on vajalik taimede rakuprotsesside jaoks.\n<br><br>\nVitamiin B1 (tiamiin) aitab taimel arendada ja kasutada s\u00fcsivesikuid, et teie taimed saaksid piisavalt energiat tugevaks kasvuks ja eeterlike \u00f5lide arendamiseks. Kiirendab ja h\u00f5lbustab fosfori kasutamist taimedes, mis on oluline toitaine lille kasvu ja arengu jaoks.\n<br><br>\nB1 aktiveerib Plant SAR-i resistentsuss\u00fcsteemi (s\u00fcsteemne omandatud resistentsus), mis toimib samamoodi nagu vaktsiinid inimestel, andes immuunsuse v\u00f5imalike tulevaste nakkuste vastu. See aitab ka juurte arengut, mis v\u00f5imaldab teie taimedel kasutada rohkem toitaineid kiiremini ja paremini toime tulla \u0161okitingimustega.\n<br><br>\nVitamiin B2 (riboflaviin) suurendab taime loomup\u00e4rast vastupanu levinud nakkustele kasvavas olekus, mis n\u00e4ib sageli toitainete puudulikkusena.\n<br><br>\nVitamiin B3 (niatsiin) taimedele vajalik p\u00f5hiliste elut\u00e4htsate funktsioonide t\u00e4itmiseks.         B3 defitsiidi tingimused p\u00f5hjustavad aeglast kasvu, viletsat saaki ja v\u00e4henenud resistentsust,<\/p>\n<p>&nbsp;<\/p>\n<h4>Juhend<\/h4>\n\n<table id=\"tablepress-4\" class=\"tablepress tablepress-id-4\">\n<thead>\n<tr class=\"row-1 odd\">\n\t<th class=\"column-1\">Kasvufaasis<\/th><th class=\"column-2\">Iga n\u00e4dal<\/th><th class=\"column-3\">\u00d5itsemise faasis<\/th><th class=\"column-4\">N\u00e4dal 3-7<\/th>\n<\/tr>\n<\/thead>\n<tbody class=\"row-hover\">\n<tr class=\"row-2 even\">\n\t<td class=\"column-1\"><\/td><td class=\"column-2\">2ml\/1L<\/td><td class=\"column-3\"><\/td><td class=\"column-4\">2ml\/1L<\/td>\n<\/tr>\n<\/tbody>\n<\/table>\n<!-- #tablepress-4 from cache -->\n<p>&nbsp;<\/p>\n<h4>Toode sisaldab<\/h4>\n\n<table id=\"tablepress-31\" class=\"tablepress tablepress-id-31\">\n<tbody class=\"row-hover\">\n<tr class=\"row-1 odd\">\n\t<td class=\"column-1\">L\u00e4mmastik (N)<\/td><td class=\"column-2\">2% w\/w<\/td>\n<\/tr>\n<tr class=\"row-2 even\">\n\t<td class=\"column-1\">0.5% w\/w Nitraatl\u00e4mmastik<\/td><td class=\"column-2\"><\/td>\n<\/tr>\n<tr class=\"row-3 odd\">\n\t<td class=\"column-1\">Vees lahustuv fosforpentoksiid (P2O5)<\/td><td class=\"column-2\">1% w\/w<\/td>\n<\/tr>\n<tr class=\"row-4 even\">\n\t<td class=\"column-1\">Vees lahustuv kaaliumoksiid (K2O) <\/td><td class=\"column-2\">4% w\/w<br \/>\n<\/td>\n<\/tr>\n<tr class=\"row-5 odd\">\n\t<td class=\"column-1\">Sisaldab ka B complex vitamiine, sealhulgas vitamiin B1 (Thiamine), B2<br \/>\n(Riboflavin), B3 (Niacin), B5 (Pantothenic acid) ja B6 (Pyridoxine).<\/td><td class=\"column-2\"><\/td>\n<\/tr>\n<\/tbody>\n<\/table>\n<!-- #tablepress-31 from cache -->","protected":false},"excerpt":{"rendered":"<p>B Vitamin Supplement Use this ever-popular formula in the demanding conditions of your high-intensity garden. This proprietary blend provides unique, powerful 100% guaranteed nutritional and vitamin support so your plants are always winners. &nbsp; Instructions &nbsp; Contents<\/p>","protected":false},"featured_media":366,"template":"","meta":[],"product_cat":[24,23],"product_tag":[],"class_list":{"0":"post-79","1":"product","2":"type-product","3":"status-publish","4":"has-post-thumbnail","6":"product_cat-bigger-buds","7":"product_cat-supplements","9":"first","10":"instock","11":"shipping-taxable","12":"product-type-simple"},"_links":{"self":[{"href":"https:\/\/baltgrow.eu\/et\/wp-json\/wp\/v2\/product\/79","targetHints":{"allow":["GET"]}}],"collection":[{"href":"https:\/\/baltgrow.eu\/et\/wp-json\/wp\/v2\/product"}],"about":[{"href":"https:\/\/baltgrow.eu\/et\/wp-json\/wp\/v2\/types\/product"}],"wp:featuredmedia":[{"embeddable":true,"href":"https:\/\/baltgrow.eu\/et\/wp-json\/wp\/v2\/media\/366"}],"wp:attachment":[{"href":"https:\/\/baltgrow.eu\/et\/wp-json\/wp\/v2\/media?parent=79"}],"wp:term":[{"taxonomy":"product_cat","embeddable":true,"href":"https:\/\/baltgrow.eu\/et\/wp-json\/wp\/v2\/product_cat?post=79"},{"taxonomy":"product_tag","embeddable":true,"href":"https:\/\/baltgrow.eu\/et\/wp-json\/wp\/v2\/product_tag?post=79"}],"curies":[{"name":"wp","href":"https:\/\/api.w.org\/{rel}","templated":true}]}}