{"id":78,"date":"2021-04-24T12:31:00","date_gmt":"2021-04-24T12:31:00","guid":{"rendered":"https:\/\/baltgrow.eu\/?post_type=product&#038;p=78"},"modified":"2021-05-14T21:50:33","modified_gmt":"2021-05-14T21:50:33","slug":"sensi-cal-mag-xtra","status":"publish","type":"product","link":"https:\/\/baltgrow.eu\/et\/toode\/sensi-cal-mag-xtra\/","title":{"rendered":"Sensi Cal-Mag Xtra\u00ae"},"content":{"rendered":"<h4>Andke oma taimedele lisakaltsiumi, magneesiumi ja rauda, mida nad vajavad, kui kasutate mitte t\u00e4iustatud p\u00f5hitoitainet.<\/h4>\n<p>Kaltsium ja magneesium on vaid kaks toitainet, mida teie taimed vajavad suureks ja lopsakaks kasvamiseks. Lisaks neile on vajalik koostisosa raud. Raud on klassifitseeritud mikrotoitaineks, mida on vaja ainult v\u00e4ikestes kogustes v\u00f5rreldes selliste makrotoitainetega nagu kaltsium ja magneesium. K\u00f5ige t\u00e4htsam on aga, et raud toimib taimes vajalike funktsioonide katal\u00fcsaatorina, eriti seoses ainevahetusega. Advanced Nutrients teadlaste meeskond on leidnud raua just \u00f5iges vormis, \u00f5iges vahekorras ja see paneb teised toitained palju t\u00f5husamalt t\u00f6\u00f6le.<\/p>\n<p>&nbsp;<\/p>\n<h4>Juhend<\/h4>\n<p><strong>Vesiaianduses:<\/strong><br \/>\n2ml \/ 1L puuduste parandamiseks, vajadusel korrata n\u00e4dala p\u00e4rast.<\/p>\n<p><strong>Kookosmullal:<\/strong><br \/>\nV\u00f5ib kasutada kogu kasvuperioodil 2ml \/ 1L<\/p>\n<p><strong>Mullal:<\/strong><br \/>\n2-4 korda n\u00e4dalas 2ml \/ 1L<\/p>\n<p><strong>Lehtede pritsimisel:<\/strong><br \/>\n2ml \/ 1L, vajadusel korrata n\u00e4dala p\u00e4rast.<\/p>\n<p>&nbsp;<\/p>\n<h4>Toode sisaldab<\/h4>\n\n<table id=\"tablepress-32\" class=\"tablepress tablepress-id-32\">\n<tbody class=\"row-hover\">\n<tr class=\"row-1 odd\">\n\t<td class=\"column-1\">L\u00e4mmastik (N) <\/td><td class=\"column-2\">4% w\/w<\/td>\n<\/tr>\n<tr class=\"row-2 even\">\n\t<td class=\"column-1\">4% w\/w Nitraatl\u00e4mmastik<\/td><td class=\"column-2\"><\/td>\n<\/tr>\n<tr class=\"row-3 odd\">\n\t<td class=\"column-1\">Vees lahustuv kaltsiumoksiid (CaO) <\/td><td class=\"column-2\">4.5% w\/w<\/td>\n<\/tr>\n<tr class=\"row-4 even\">\n\t<td class=\"column-1\">Vees lahustuv magneesiumoksiid (MgO) <\/td><td class=\"column-2\">1.8% w\/w<\/td>\n<\/tr>\n<tr class=\"row-5 odd\">\n\t<td class=\"column-1\">Vees lahustuv raud (Fe) <\/td><td class=\"column-2\">0.09% w\/w<\/td>\n<\/tr>\n<tr class=\"row-6 even\">\n\t<td class=\"column-1\">0.09% w\/w Kelaaditud raud (Fe) (EDTA)<\/td><td class=\"column-2\"><\/td>\n<\/tr>\n<tr class=\"row-7 odd\">\n\t<td class=\"column-1\">Vees lahustuv mangaan (Mn)<\/td><td class=\"column-2\">0.05% w\/w<\/td>\n<\/tr>\n<tr class=\"row-8 even\">\n\t<td class=\"column-1\">0.05% w\/w Kelaaditud mangaan (Mn) (EDTA)<\/td><td class=\"column-2\"><\/td>\n<\/tr>\n<tr class=\"row-9 odd\">\n\t<td class=\"column-1\">Vees lahustuv tsink (Zn)<\/td><td class=\"column-2\">0.05% w\/w<\/td>\n<\/tr>\n<tr class=\"row-10 even\">\n\t<td class=\"column-1\">0.05% w\/w Kelaaditud tsink (Zn) (EDTA)<\/td><td class=\"column-2\"><\/td>\n<\/tr>\n<\/tbody>\n<\/table>","protected":false},"excerpt":{"rendered":"<p>Feed Your Crops the Extra Calcium, Magnesium, and Iron They Need If You Use a Non-Advanced Base Nutrient Plants \u2013 just like all forms of life, including human beings \u2013 require a complete range of essential elements in order to thrive. Not one can be lacking, or your crops may suffer nutrient deficiencies. Of course, [&hellip;]<\/p>","protected":false},"featured_media":367,"template":"","meta":[],"product_cat":[24,23],"product_tag":[],"class_list":{"0":"post-78","1":"product","2":"type-product","3":"status-publish","4":"has-post-thumbnail","6":"product_cat-bigger-buds","7":"product_cat-supplements","9":"first","10":"instock","11":"shipping-taxable","12":"product-type-simple"},"_links":{"self":[{"href":"https:\/\/baltgrow.eu\/et\/wp-json\/wp\/v2\/product\/78","targetHints":{"allow":["GET"]}}],"collection":[{"href":"https:\/\/baltgrow.eu\/et\/wp-json\/wp\/v2\/product"}],"about":[{"href":"https:\/\/baltgrow.eu\/et\/wp-json\/wp\/v2\/types\/product"}],"wp:featuredmedia":[{"embeddable":true,"href":"https:\/\/baltgrow.eu\/et\/wp-json\/wp\/v2\/media\/367"}],"wp:attachment":[{"href":"https:\/\/baltgrow.eu\/et\/wp-json\/wp\/v2\/media?parent=78"}],"wp:term":[{"taxonomy":"product_cat","embeddable":true,"href":"https:\/\/baltgrow.eu\/et\/wp-json\/wp\/v2\/product_cat?post=78"},{"taxonomy":"product_tag","embeddable":true,"href":"https:\/\/baltgrow.eu\/et\/wp-json\/wp\/v2\/product_tag?post=78"}],"curies":[{"name":"wp","href":"https:\/\/api.w.org\/{rel}","templated":true}]}}