{"id":75,"date":"2021-04-24T12:30:29","date_gmt":"2021-04-24T12:30:29","guid":{"rendered":"https:\/\/baltgrow.eu\/?post_type=product&#038;p=75"},"modified":"2021-05-14T21:52:41","modified_gmt":"2021-05-14T21:52:41","slug":"flawless-finish","status":"publish","type":"product","link":"https:\/\/baltgrow.eu\/et\/toode\/flawless-finish\/","title":{"rendered":"Flawless Finish"},"content":{"rendered":"<h4>Kogege paremat maitset, aroomi ja potentsi, kui enne koristamist loputate Flawless Finish tootega!<\/h4>\n<p>Vesiaianduses kasvavad taimed koostisosade v\u00f5tmisel toitainetest, veest ja \u00f5hust. Need koostisosad muutuvad taimeraku osaks. Teie taimede kasvades koguneb neile t\u00e4iendavaid toitainete sooli ja muid koostisosi, mis halvendavad l\u00f5pptulemuse kvaliteeti. Selle tulemuseks on taime ja \/ v\u00f5i selle vilja maitsmine ja l\u00f5hn tugevalt ebameeldiv.\n<br><br>\nTaimede puhastamine algab 4\u201310 p\u00e4eva enne koristamist. Selle aja jooksul t\u00fchjendatakse veepaak ja t\u00e4idetakse puhta veega, millele lisatakse ainult Flawless Finish toode, mis on loodud ja testitud spetsiaalselt teatud t\u00fc\u00fcpi taimede puhastamiseks. P\u00e4rast toote Flawless Finish lisamist veepaaki laske sellel t\u00f6\u00f6tada ja s\u00fcsteemis kogu loputusts\u00fckli jooksul ringi liikuda.\n<br><br>\nTuhandete rakuproovide p\u00f5hjal oleme leidnud, et sel viisil saame eemaldada peaaegu k\u00f5ik ekstra soolad ja muud koostisosad.<\/p>\n<p>&nbsp;<\/p>\n<h4>Juhend<\/h4>\n<p>2ml \/ 1L Loputuse ajal<\/p>\n<p>&nbsp;<\/p>\n<h4>Toode sisaldab<\/h4>\n\n<table id=\"tablepress-34\" class=\"tablepress tablepress-id-34\">\n<tbody class=\"row-hover\">\n<tr class=\"row-1 odd\">\n\t<td class=\"column-1\">Vees lahustuv magneesiumoksiid (MgO)<br \/>\n<\/td><td class=\"column-2\">1.6% w\/w <\/td>\n<\/tr>\n<tr class=\"row-2 even\">\n\t<td class=\"column-1\">Vees lahustuv v\u00e4\u00e4veltrioksiid (SO3)<\/td><td class=\"column-2\">3.3% w\/w <\/td>\n<\/tr>\n<\/tbody>\n<\/table>\n<!-- #tablepress-34 from cache -->","protected":false},"excerpt":{"rendered":"<p>Experience Better Taste, Aroma, and Potency When You Flush with Flawless Finish before Harvest! Your high-value crops take in excess fertilizer soils and impurities from their environment that can affect the quality of your final harvest. Taste and aroma can be compromised. Instead of flushing with plain, nutrient-free water, which also starves your plants right [&hellip;]<\/p>","protected":false},"featured_media":369,"template":"","meta":[],"product_cat":[24,23],"product_tag":[],"class_list":{"0":"post-75","1":"product","2":"type-product","3":"status-publish","4":"has-post-thumbnail","6":"product_cat-bigger-buds","7":"product_cat-supplements","9":"first","10":"instock","11":"shipping-taxable","12":"product-type-simple"},"_links":{"self":[{"href":"https:\/\/baltgrow.eu\/et\/wp-json\/wp\/v2\/product\/75","targetHints":{"allow":["GET"]}}],"collection":[{"href":"https:\/\/baltgrow.eu\/et\/wp-json\/wp\/v2\/product"}],"about":[{"href":"https:\/\/baltgrow.eu\/et\/wp-json\/wp\/v2\/types\/product"}],"wp:featuredmedia":[{"embeddable":true,"href":"https:\/\/baltgrow.eu\/et\/wp-json\/wp\/v2\/media\/369"}],"wp:attachment":[{"href":"https:\/\/baltgrow.eu\/et\/wp-json\/wp\/v2\/media?parent=75"}],"wp:term":[{"taxonomy":"product_cat","embeddable":true,"href":"https:\/\/baltgrow.eu\/et\/wp-json\/wp\/v2\/product_cat?post=75"},{"taxonomy":"product_tag","embeddable":true,"href":"https:\/\/baltgrow.eu\/et\/wp-json\/wp\/v2\/product_tag?post=75"}],"curies":[{"name":"wp","href":"https:\/\/api.w.org\/{rel}","templated":true}]}}