{"id":74,"date":"2021-04-24T12:30:14","date_gmt":"2021-04-24T12:30:14","guid":{"rendered":"https:\/\/baltgrow.eu\/?post_type=product&#038;p=74"},"modified":"2021-05-14T21:53:40","modified_gmt":"2021-05-14T21:53:40","slug":"bud-candy","status":"publish","type":"product","link":"https:\/\/baltgrow.eu\/et\/toode\/bud-candy\/","title":{"rendered":"Bud Candy"},"content":{"rendered":"<p><strong>Bud Candy annab teie taimedele olulise lisatoitaine,<\/strong> mis toetab paljusid kasvuprotsessis vajalikke taimeens\u00fc\u00fcme. Oluline on meeles pidada, et kui taim \u00f5itseb, vajab ta rohkem suhkruid kui ta ise suudab toota. Mida paremad tingimused taimedele Co2 ja toitainetega annate, seda rohkem vajavad nad s\u00fcsivesikuid. \n<br><br>\nTaimedele s\u00fcsivesikute tankimiseks on vaja j\u00e4rgida kindlat valemit. Taimed omastavad lihtsamaid v\u00f5i keerukamaid s\u00fcsivesikuid k\u00f5ige paremini siis, kui nad on m\u00f5ni neist: arabinoos, dekstroos, gl\u00fckoos, maltoos, ks\u00fcloos, roo toorekstrakt, linnaseekstrakt, j\u00f5hvikaekstrakt ja muud kvaliteetsed s\u00fcsivesikute allikad.\n<br><br>\nSee annab \u00f5itsemisele uut energiat ja v\u00e4rskendust selle keskmises ja l\u00f5ppfaasis ning toidab ka kasulikke baktereid ja mikroobe juurestikus.\n<br><br>\nBud Candy sobib h\u00e4sti koos Big Bud tootega.<\/p>\n<p>&nbsp;<\/p>\n<h4>Juhend<\/h4>\n\n<table id=\"tablepress-3\" class=\"tablepress tablepress-id-3\">\n<thead>\n<tr class=\"row-1 odd\">\n\t<th class=\"column-1\">\u00d5itsemisel<\/th><th class=\"column-2\">N\u00e4dal 1 - 6<\/th><th class=\"column-3\">N\u00e4dal 7<\/th>\n<\/tr>\n<\/thead>\n<tbody class=\"row-hover\">\n<tr class=\"row-2 even\">\n\t<td class=\"column-1\"><\/td><td class=\"column-2\">2ml\/1L<\/td><td class=\"column-3\">Loputus<\/td>\n<\/tr>\n<\/tbody>\n<\/table>\n<!-- #tablepress-3 from cache -->\n<p>&nbsp;<\/p>\n<h4>Toode sisaldab<\/h4>\n\n<table id=\"tablepress-35\" class=\"tablepress tablepress-id-35\">\n<tbody class=\"row-hover\">\n<tr class=\"row-1 odd\">\n\t<td class=\"column-1\">Vees lahustuv magneesiumoksiid (MgO)<\/td><td class=\"column-2\">0.8% w\/w<\/td>\n<\/tr>\n<tr class=\"row-2 even\">\n\t<td class=\"column-1\">Sisaldab ka s\u00fcsivesikuid, sealhulgas D-galaktoosi, D-riboosi, <br \/>\n D-ks\u00fcloosi, gl\u00fckoosi ja maltoosi.<\/td><td class=\"column-2\"><\/td>\n<\/tr>\n<\/tbody>\n<\/table>\n<!-- #tablepress-35 from cache -->","protected":false},"excerpt":{"rendered":"<p>Bud Candy provides your plants with an essential secondary plant nutrient which serves to support many plant enzymes required in the growth process. It is important to remember that when a plant blooms the most, it needs more sugars than it can produce itself.\u00a0The better conditions you give your plants with Co2 and nutrients, the [&hellip;]<\/p>","protected":false},"featured_media":370,"template":"","meta":[],"product_cat":[24,23],"product_tag":[],"class_list":{"0":"post-74","1":"product","2":"type-product","3":"status-publish","4":"has-post-thumbnail","6":"product_cat-bigger-buds","7":"product_cat-supplements","9":"first","10":"instock","11":"shipping-taxable","12":"product-type-simple"},"_links":{"self":[{"href":"https:\/\/baltgrow.eu\/et\/wp-json\/wp\/v2\/product\/74","targetHints":{"allow":["GET"]}}],"collection":[{"href":"https:\/\/baltgrow.eu\/et\/wp-json\/wp\/v2\/product"}],"about":[{"href":"https:\/\/baltgrow.eu\/et\/wp-json\/wp\/v2\/types\/product"}],"wp:featuredmedia":[{"embeddable":true,"href":"https:\/\/baltgrow.eu\/et\/wp-json\/wp\/v2\/media\/370"}],"wp:attachment":[{"href":"https:\/\/baltgrow.eu\/et\/wp-json\/wp\/v2\/media?parent=74"}],"wp:term":[{"taxonomy":"product_cat","embeddable":true,"href":"https:\/\/baltgrow.eu\/et\/wp-json\/wp\/v2\/product_cat?post=74"},{"taxonomy":"product_tag","embeddable":true,"href":"https:\/\/baltgrow.eu\/et\/wp-json\/wp\/v2\/product_tag?post=74"}],"curies":[{"name":"wp","href":"https:\/\/api.w.org\/{rel}","templated":true}]}}