{"id":73,"date":"2021-04-24T12:30:01","date_gmt":"2021-04-24T12:30:01","guid":{"rendered":"https:\/\/baltgrow.eu\/?post_type=product&#038;p=73"},"modified":"2021-05-14T21:54:45","modified_gmt":"2021-05-14T21:54:45","slug":"bud-factor-x","status":"publish","type":"product","link":"https:\/\/baltgrow.eu\/et\/toode\/bud-factor-x\/","title":{"rendered":"Bud Factor X"},"content":{"rendered":"<h4>Bud Factor X aitab kui mgneesiumipuudus on olnud probleem.<\/h4>\n<p>L\u00f5pptulemuse teevad kvaliteetseks eeterlikud \u00f5lid. Eeterlikud \u00f5lid v\u00f5imaldavad lilledele aroomi, maitset ja vaiku. Eeterlikud \u00f5lid ja vaik loovad terpeenprofiili, need on koostisosad, mis m\u00f5jutavad aroomi ja maitset. Bud Factor X koostisosad kaunistavad taimedes terpeenide, vaigu ja eeterlike \u00f5lide arengut. Koostisosad on m\u00f5eldud ka saagikuse, mitte ainult kvaliteedi suurendamiseks. Kvaliteetsete bioaktiivsete koostisosade tasakaalustatud kombinatsioon aitab toota nii palju vaiku kui v\u00f5imalik ja aitab taimel \u00fchenduda rohkem kui tavaliselt suudaks. Juurte areng ja kasv kiirenevad, kui Bud Factor X-i kasutatakse koos Piranha, Voodoo mahla ja Tarantulaga. Bud Factor X manustatakse koos teiste toitainetega kohe, kui \u00f5itsemine algab, nii et vaigu tootmine algab v\u00f5imalikult vara ja on kogu \u00f5itsemise ajal v\u00f5imalikult rikkalik. Seet\u00f5ttu muutub taimede saak rikkalikumaks ja kvaliteetsemaks. T\u00e4nu Bud Factor X tootele saavad aiapidajad v\u00e4ltida v\u00e4\u00e4vlit sisaldavaid keemilisi alternatiivseid tooteid, mis v\u00e4hendavad oluliselt kvaliteeti, n\u00e4iteks l\u00f5hna ja maitset.<\/p>\n<p>&nbsp;<\/p>\n<h4>Juhend<\/h4>\n\n<table id=\"tablepress-5\" class=\"tablepress tablepress-id-5\">\n<thead>\n<tr class=\"row-1 odd\">\n\t<th class=\"column-1\">\u00d5itsemisel<\/th><th class=\"column-2\">N\u00e4dal 1 - 7<\/th><th class=\"column-3\">N\u00e4dal 8<\/th>\n<\/tr>\n<\/thead>\n<tbody class=\"row-hover\">\n<tr class=\"row-2 even\">\n\t<td class=\"column-1\"><\/td><td class=\"column-2\">2ml\/1L<\/td><td class=\"column-3\">Loputus<\/td>\n<\/tr>\n<\/tbody>\n<\/table>\n<!-- #tablepress-5 from cache -->\n<p>&nbsp;<\/p>\n<h4>Toode sisaldab<\/h4>\n\n<table id=\"tablepress-36\" class=\"tablepress tablepress-id-36\">\n<tbody class=\"row-hover\">\n<tr class=\"row-1 odd\">\n\t<td class=\"column-1\">Vees lahustuv magneesiumoksiid (MgO)<br \/>\n<\/td><td class=\"column-2\">0.8% w\/w<\/td>\n<\/tr>\n<tr class=\"row-2 even\">\n\t<td class=\"column-1\">Sisaldab muuhulgas: Paju koor (Salix scouleri) 0,6%\npH 3<\/td><td class=\"column-2\"><\/td>\n<\/tr>\n<\/tbody>\n<\/table>\n<!-- #tablepress-36 from cache -->","protected":false},"excerpt":{"rendered":"<p>Bud Factor X can make all the difference if Magnesium deficiencies have been a problem. Your plants may need magnesium to help balance the use of high potassium fertilizers commonly used in the hydroponics industry. Use our Factor X and avoid common deficiency symptoms such as; interveinal chlorosis in older leaves, curling of leaves upward [&hellip;]<\/p>","protected":false},"featured_media":371,"template":"","meta":[],"product_cat":[24,23],"product_tag":[],"class_list":{"0":"post-73","1":"product","2":"type-product","3":"status-publish","4":"has-post-thumbnail","6":"product_cat-bigger-buds","7":"product_cat-supplements","9":"first","10":"instock","11":"shipping-taxable","12":"product-type-simple"},"_links":{"self":[{"href":"https:\/\/baltgrow.eu\/et\/wp-json\/wp\/v2\/product\/73","targetHints":{"allow":["GET"]}}],"collection":[{"href":"https:\/\/baltgrow.eu\/et\/wp-json\/wp\/v2\/product"}],"about":[{"href":"https:\/\/baltgrow.eu\/et\/wp-json\/wp\/v2\/types\/product"}],"wp:featuredmedia":[{"embeddable":true,"href":"https:\/\/baltgrow.eu\/et\/wp-json\/wp\/v2\/media\/371"}],"wp:attachment":[{"href":"https:\/\/baltgrow.eu\/et\/wp-json\/wp\/v2\/media?parent=73"}],"wp:term":[{"taxonomy":"product_cat","embeddable":true,"href":"https:\/\/baltgrow.eu\/et\/wp-json\/wp\/v2\/product_cat?post=73"},{"taxonomy":"product_tag","embeddable":true,"href":"https:\/\/baltgrow.eu\/et\/wp-json\/wp\/v2\/product_tag?post=73"}],"curies":[{"name":"wp","href":"https:\/\/api.w.org\/{rel}","templated":true}]}}