{"id":72,"date":"2021-04-24T12:29:47","date_gmt":"2021-04-24T12:29:47","guid":{"rendered":"https:\/\/baltgrow.eu\/?post_type=product&#038;p=72"},"modified":"2021-05-14T21:56:14","modified_gmt":"2021-05-14T21:56:14","slug":"overdrive","status":"publish","type":"product","link":"https:\/\/baltgrow.eu\/et\/toode\/overdrive\/","title":{"rendered":"Overdrive\u00ae"},"content":{"rendered":"<h4>Pikendage oma lillede \u00f5itsemisaega<\/h4>\n<p>Taim kasvab, \u00f5itseb ja hakkab siis n\u00e4rbuma. Seda taimed teevad, kuid Overdrive'i abil saate oma taimede jaoks t\u00e4iendava l\u00f6\u00f6gi isegi elu hilises staadiumis. Overdrive v\u00e4rskendab \u00f5itsemist ja aitab toota veidi rohkem vaiku, terpeene ja suurust.<\/p>\n<p>&nbsp;<\/p>\n<h4>Juhend<\/h4>\n\n<table id=\"tablepress-6\" class=\"tablepress tablepress-id-6\">\n<thead>\n<tr class=\"row-1 odd\">\n\t<th class=\"column-1\">\u00d5itsemisel<\/th><th class=\"column-2\">N\u00e4dal 6 - 7<\/th>\n<\/tr>\n<\/thead>\n<tbody class=\"row-hover\">\n<tr class=\"row-2 even\">\n\t<td class=\"column-1\"><\/td><td class=\"column-2\">2ml\/1L<\/td>\n<\/tr>\n<\/tbody>\n<\/table>\n<!-- #tablepress-6 from cache -->\n<p>&nbsp;<\/p>\n<h4>Toode sisaldab<\/h4>\n\n<table id=\"tablepress-37\" class=\"tablepress tablepress-id-37\">\n<tbody class=\"row-hover\">\n<tr class=\"row-1 odd\">\n\t<td class=\"column-1\">L\u00e4mmastik (N)<\/td><td class=\"column-2\">1% w\/w<\/td>\n<\/tr>\n<tr class=\"row-2 even\">\n\t<td class=\"column-1\">1% w\/w Nitraatl\u00e4mmastik<\/td><td class=\"column-2\"><\/td>\n<\/tr>\n<tr class=\"row-3 odd\">\n\t<td class=\"column-1\">Vees lahustuv fosforpentoksiid (P2O5)<\/td><td class=\"column-2\">5% w\/w<\/td>\n<\/tr>\n<tr class=\"row-4 even\">\n\t<td class=\"column-1\">Vees lahustuv kaaliumoksiid (K2O)<br \/>\n<\/td><td class=\"column-2\">4% w\/w<\/td>\n<\/tr>\n<tr class=\"row-5 odd\">\n\t<td class=\"column-1\">Vees lahustuv magneesiumoksiid (MgO)<\/td><td class=\"column-2\">1.7% w\/w<\/td>\n<\/tr>\n<\/tbody>\n<\/table>\n<!-- #tablepress-37 from cache -->","protected":false},"excerpt":{"rendered":"<p>Overdrive Your Plants for their Strongest Finish During the final weeks of bloom phase your plants need the ingredients in Overdrive to maintain flower maturation, flower growth, and overall vigor. Many growers neglect the last weeks of bloom phase, but now you can kick it into Overdrive the late stages of life. &nbsp; Instructions &nbsp; [&hellip;]<\/p>","protected":false},"featured_media":372,"template":"","meta":[],"product_cat":[24,23],"product_tag":[],"class_list":{"0":"post-72","1":"product","2":"type-product","3":"status-publish","4":"has-post-thumbnail","6":"product_cat-bigger-buds","7":"product_cat-supplements","9":"first","10":"instock","11":"shipping-taxable","12":"product-type-simple"},"_links":{"self":[{"href":"https:\/\/baltgrow.eu\/et\/wp-json\/wp\/v2\/product\/72","targetHints":{"allow":["GET"]}}],"collection":[{"href":"https:\/\/baltgrow.eu\/et\/wp-json\/wp\/v2\/product"}],"about":[{"href":"https:\/\/baltgrow.eu\/et\/wp-json\/wp\/v2\/types\/product"}],"wp:featuredmedia":[{"embeddable":true,"href":"https:\/\/baltgrow.eu\/et\/wp-json\/wp\/v2\/media\/372"}],"wp:attachment":[{"href":"https:\/\/baltgrow.eu\/et\/wp-json\/wp\/v2\/media?parent=72"}],"wp:term":[{"taxonomy":"product_cat","embeddable":true,"href":"https:\/\/baltgrow.eu\/et\/wp-json\/wp\/v2\/product_cat?post=72"},{"taxonomy":"product_tag","embeddable":true,"href":"https:\/\/baltgrow.eu\/et\/wp-json\/wp\/v2\/product_tag?post=72"}],"curies":[{"name":"wp","href":"https:\/\/api.w.org\/{rel}","templated":true}]}}