{"id":70,"date":"2021-04-24T12:29:11","date_gmt":"2021-04-24T12:29:11","guid":{"rendered":"https:\/\/baltgrow.eu\/?post_type=product&#038;p=70"},"modified":"2021-05-14T21:58:26","modified_gmt":"2021-05-14T21:58:26","slug":"big-bud-coco","status":"publish","type":"product","link":"https:\/\/baltgrow.eu\/et\/toode\/big-bud-coco\/","title":{"rendered":"Big Bud Coco"},"content":{"rendered":"<h4>Maailma parim \u00f5itsemise v\u00f5imendaja, n\u00fc\u00fcd optimeeritud kookosmulla jaoks.<\/h4>\n<p>Big Bud\u00ae Coco on spetsiaalselt ette n\u00e4htud kasutamiseks kookosmullaga. Tagab rikkaliku \u00f5itsemise jaoks optimaalse fosfori ja kaaliumi koguse. Lisaks sellele saavad teie taimed laia valikut sekundaarseid metaboliite. Selle asemel, et teie taimed kasutaksid aminohapete valmistamiseks suures koguses energiat, saavad nad seda energiat kasutada otse lillede arendamiseks ja kasvatamiseks. Big Bud Coco tootes on k\u00f5ike seda mida traditsioonilises Big Bud tootes ja lisaks sellele on see optimeeritud kookoskiudude kasvusubstraadi jaoks.<\/p>\n<p>&nbsp;<\/p>\n<h4>Juhend<\/h4>\n\n<table id=\"tablepress-8\" class=\"tablepress tablepress-id-8\">\n<thead>\n<tr class=\"row-1 odd\">\n\t<th class=\"column-1\">\u00d5itsemisel<\/th><th class=\"column-2\">N\u00e4dal 2 - 4<\/th><th class=\"column-3\">N\u00e4dal 5-7<\/th>\n<\/tr>\n<\/thead>\n<tbody class=\"row-hover\">\n<tr class=\"row-2 even\">\n\t<td class=\"column-1\"><\/td><td class=\"column-2\">2ml\/1L<\/td><td class=\"column-3\">Loputus<\/td>\n<\/tr>\n<\/tbody>\n<\/table>\n<!-- #tablepress-8 from cache -->\n<p>&nbsp;<\/p>\n<h4>Toode sisaldab<\/h4>\n\n<table id=\"tablepress-39\" class=\"tablepress tablepress-id-39\">\n<tbody class=\"row-hover\">\n<tr class=\"row-1 odd\">\n\t<td class=\"column-1\">Vees lahustuv fosforpentoksiid (P2O5)<br \/>\n<\/td><td class=\"column-2\">4% w\/w<\/td>\n<\/tr>\n<tr class=\"row-2 even\">\n\t<td class=\"column-1\">Vees lahustuv kaaliumoksiid (K2O)<br \/>\n<\/td><td class=\"column-2\">4% w\/w<\/td>\n<\/tr>\n<tr class=\"row-3 odd\">\n\t<td class=\"column-1\">Vees lahustuv kaltsiumoksiid (CaO)<br \/>\n<\/td><td class=\"column-2\">1.4% w\/w<\/td>\n<\/tr>\n<tr class=\"row-4 even\">\n\t<td class=\"column-1\">Vees lahustuv magneesiumoksiid (MgO)<br \/>\n<\/td><td class=\"column-2\">0.8% w\/w<\/td>\n<\/tr>\n<tr class=\"row-5 odd\">\n\t<td class=\"column-1\">Vees lahustuv v\u00e4\u00e4veltrioksiid (SO3)<br \/>\n<\/td><td class=\"column-2\">2.5% w\/w<\/td>\n<\/tr>\n<tr class=\"row-6 even\">\n\t<td class=\"column-1\">Vees lahustuv raud (Fe)<br \/>\n<\/td><td class=\"column-2\">0.1% w\/w<\/td>\n<\/tr>\n<tr class=\"row-7 odd\">\n\t<td class=\"column-1\">0.1% w\/w Kelaaditud raud (Fe) (EDTA)<br \/>\n<\/td><td class=\"column-2\"><\/td>\n<\/tr>\n<\/tbody>\n<\/table>\n<!-- #tablepress-39 from cache -->","protected":false},"excerpt":{"rendered":"<p>The Worlds Best Bloom Booster, Now Optimized for Coco Coir Big Bud\u00ae Coco is designed specifically for use with coco coir to live up to the special flowering demands of coco for growers like you. The addition of Chelated Iron (Fe), Calcium (Ca) and Magnesium (Mg) alleviate the potential elemental problems commonly seen in this [&hellip;]<\/p>","protected":false},"featured_media":374,"template":"","meta":[],"product_cat":[24,23],"product_tag":[],"class_list":{"0":"post-70","1":"product","2":"type-product","3":"status-publish","4":"has-post-thumbnail","6":"product_cat-bigger-buds","7":"product_cat-supplements","9":"first","10":"instock","11":"shipping-taxable","12":"product-type-simple"},"_links":{"self":[{"href":"https:\/\/baltgrow.eu\/et\/wp-json\/wp\/v2\/product\/70","targetHints":{"allow":["GET"]}}],"collection":[{"href":"https:\/\/baltgrow.eu\/et\/wp-json\/wp\/v2\/product"}],"about":[{"href":"https:\/\/baltgrow.eu\/et\/wp-json\/wp\/v2\/types\/product"}],"wp:featuredmedia":[{"embeddable":true,"href":"https:\/\/baltgrow.eu\/et\/wp-json\/wp\/v2\/media\/374"}],"wp:attachment":[{"href":"https:\/\/baltgrow.eu\/et\/wp-json\/wp\/v2\/media?parent=70"}],"wp:term":[{"taxonomy":"product_cat","embeddable":true,"href":"https:\/\/baltgrow.eu\/et\/wp-json\/wp\/v2\/product_cat?post=70"},{"taxonomy":"product_tag","embeddable":true,"href":"https:\/\/baltgrow.eu\/et\/wp-json\/wp\/v2\/product_tag?post=70"}],"curies":[{"name":"wp","href":"https:\/\/api.w.org\/{rel}","templated":true}]}}