{"id":69,"date":"2021-04-24T12:28:54","date_gmt":"2021-04-24T12:28:54","guid":{"rendered":"https:\/\/baltgrow.eu\/?post_type=product&#038;p=69"},"modified":"2021-05-14T21:59:36","modified_gmt":"2021-05-14T21:59:36","slug":"big-bud","status":"publish","type":"product","link":"https:\/\/baltgrow.eu\/et\/toode\/big-bud\/","title":{"rendered":"Big Bud"},"content":{"rendered":"<h4>T\u00e4nu sellele saate rohkem, suuremaid ja kvaliteetsemaid lilli.<\/h4>\n<p>Big Bud pakub olulisi elemente, mis mitte ainult ei aita pungade arengut, vaid suurendavad teadaolevalt nii nende suurust kui ka kvaliteeti. Sisaldab proportsionaalselt askorbiinhapet, sidrunhapet, k\u00f5iki 20 L t\u00fc\u00fcpi aminohappeid, kaaliumi, fosforit ja magneesiumi.<br \/>\nBigBud\u2019i saate kasutada ainsana \u00f5itsemist toetava v\u00e4etise lisandina, kuid uuringud on n\u00e4idanud, et v\u00f5ite saada veelgi paremaid tulemusi kui kasutate toodet koos teiste \u00f5itsemist toetavate lisanditega (Bud Ignitor, Bud Candy ja Overdrive).<br \/>\nToodet saate kasutada koos Advanced Nutrients pH Perfekt toodetega v\u00f5i ilma ning ka k\u00f5igi teiste tootjate toodetega.<\/p>\n<p>&nbsp;<\/p>\n<h4>Juhend<\/h4>\n\n<table id=\"tablepress-8\" class=\"tablepress tablepress-id-8\">\n<thead>\n<tr class=\"row-1 odd\">\n\t<th class=\"column-1\">\u00d5itsemisel<\/th><th class=\"column-2\">N\u00e4dal 2 - 4<\/th><th class=\"column-3\">N\u00e4dal 5-7<\/th>\n<\/tr>\n<\/thead>\n<tbody class=\"row-hover\">\n<tr class=\"row-2 even\">\n\t<td class=\"column-1\"><\/td><td class=\"column-2\">2ml\/1L<\/td><td class=\"column-3\">Loputus<\/td>\n<\/tr>\n<\/tbody>\n<\/table>\n<!-- #tablepress-8 from cache -->\n<h4><\/h4>\n<h4>Toode sisaldab<\/h4>\n\n<table id=\"tablepress-40\" class=\"tablepress tablepress-id-40\">\n<tbody class=\"row-hover\">\n<tr class=\"row-1 odd\">\n\t<td class=\"column-1\">Vees lahustuv fosforpentoksiid (P2O5)<br \/>\n<\/td><td class=\"column-2\">1% w\/w<\/td>\n<\/tr>\n<tr class=\"row-2 even\">\n\t<td class=\"column-1\">Vees lahustuv kaaliumoksiid (K2O)<\/td><td class=\"column-2\">3% w\/w<\/td>\n<\/tr>\n<\/tbody>\n<\/table>\n<!-- #tablepress-40 from cache -->","protected":false},"excerpt":{"rendered":"<p>Thanks to this, you will get more, bigger and higher quality flowers. Big Bud provides the essential elements that not only aid in the development of buds but are known to increase both their size and quality. You can use BigBud as the only flowering supplement, but studies have shown that you can get even [&hellip;]<\/p>","protected":false},"featured_media":375,"template":"","meta":[],"product_cat":[24,23],"product_tag":[],"class_list":{"0":"post-69","1":"product","2":"type-product","3":"status-publish","4":"has-post-thumbnail","6":"product_cat-bigger-buds","7":"product_cat-supplements","9":"first","10":"instock","11":"shipping-taxable","12":"product-type-simple"},"_links":{"self":[{"href":"https:\/\/baltgrow.eu\/et\/wp-json\/wp\/v2\/product\/69","targetHints":{"allow":["GET"]}}],"collection":[{"href":"https:\/\/baltgrow.eu\/et\/wp-json\/wp\/v2\/product"}],"about":[{"href":"https:\/\/baltgrow.eu\/et\/wp-json\/wp\/v2\/types\/product"}],"wp:featuredmedia":[{"embeddable":true,"href":"https:\/\/baltgrow.eu\/et\/wp-json\/wp\/v2\/media\/375"}],"wp:attachment":[{"href":"https:\/\/baltgrow.eu\/et\/wp-json\/wp\/v2\/media?parent=69"}],"wp:term":[{"taxonomy":"product_cat","embeddable":true,"href":"https:\/\/baltgrow.eu\/et\/wp-json\/wp\/v2\/product_cat?post=69"},{"taxonomy":"product_tag","embeddable":true,"href":"https:\/\/baltgrow.eu\/et\/wp-json\/wp\/v2\/product_tag?post=69"}],"curies":[{"name":"wp","href":"https:\/\/api.w.org\/{rel}","templated":true}]}}