{"id":68,"date":"2021-04-24T12:28:28","date_gmt":"2021-04-24T12:28:28","guid":{"rendered":"https:\/\/baltgrow.eu\/?post_type=product&#038;p=68"},"modified":"2021-05-14T21:42:37","modified_gmt":"2021-05-14T21:42:37","slug":"mother-earth-super-tea-organic","status":"publish","type":"product","link":"https:\/\/baltgrow.eu\/et\/toode\/mother-earth-super-tea-organic\/","title":{"rendered":"Mother Earth Super Tea Organic"},"content":{"rendered":"<h4>Kui teie lilled saaksid r\u00e4\u00e4kida paluksid nad end toita orgaanilise Emake Maa superteega.<\/h4>\n<p>Mother Earth Super Tea Organic vastab maailma k\u00f5ige rangematele mahep\u00f5llumajandusliku tootmise standarditele. Lilled armastavad looduslike koostisosade infusiooni, mis p\u00e4rineb komposti teest. Sellep\u00e4rast on Mother Earth Super Tea Organic pikka aega olnud kasvatajate lemmik.<\/p>\n<p>&nbsp;<\/p>\n<h4>Juhend<\/h4>\n<p>Kasuta iga n\u00e4dal 2ml\/1L<\/p>\n<p>&nbsp;<\/p>\n<h4>Toode sisaldab<\/h4>\n\n<table id=\"tablepress-41\" class=\"tablepress tablepress-id-41\">\n<tbody class=\"row-hover\">\n<tr class=\"row-1 odd\">\n\t<td class=\"column-1\">L\u00e4mmastik (N) <\/td><td class=\"column-2\">3% <\/td>\n<\/tr>\n<tr class=\"row-2 even\">\n\t<td class=\"column-1\">1% Nitraatl\u00e4mmastik <\/td><td class=\"column-2\"><\/td>\n<\/tr>\n<tr class=\"row-3 odd\">\n\t<td class=\"column-1\">2% Muu vees lahustuv l\u00e4mmastik <\/td><td class=\"column-2\"><\/td>\n<\/tr>\n<tr class=\"row-4 even\">\n\t<td class=\"column-1\">Fosfaat (P205)<\/td><td class=\"column-2\">2%<\/td>\n<\/tr>\n<tr class=\"row-5 odd\">\n\t<td class=\"column-1\">Lahustuv kaalimkloriid (K20) <\/td><td class=\"column-2\">5%<\/td>\n<\/tr>\n<\/tbody>\n<\/table>\n<!-- #tablepress-41 from cache -->\n<p><strong>P\u00e4ritolu:<\/strong>lutsernijahu, vihmausside valandid, kalavalgu h\u00fcdrol\u00fcsaat, pruunvetikaekstrakt (Ascophyllum nodosum), fosforhape *, kaaliumh\u00fcdroksiid **, kaaliumsulfaat, kivimfosfaat, sojavalgu h\u00fcdrol\u00fcsaat.<\/p>","protected":false},"excerpt":{"rendered":"<p>Homemade Teas Fall Short Mother Earth Super Tea Organic meets USDA-NOP and the world\u2019s most stringent organic input standards for organic production. If your blooming plants could talk, they\u2019d tell you to feed them Mother Earth Super Tea Organic. They love the infusion of natural ingredients that comes from compost tea. That\u2019s why Mother Earth [&hellip;]<\/p>","protected":false},"featured_media":359,"template":"","meta":[],"product_cat":[22],"product_tag":[],"class_list":{"0":"post-68","1":"product","2":"type-product","3":"status-publish","4":"has-post-thumbnail","6":"product_cat-true-organics","8":"first","9":"instock","10":"shipping-taxable","11":"product-type-simple"},"_links":{"self":[{"href":"https:\/\/baltgrow.eu\/et\/wp-json\/wp\/v2\/product\/68","targetHints":{"allow":["GET"]}}],"collection":[{"href":"https:\/\/baltgrow.eu\/et\/wp-json\/wp\/v2\/product"}],"about":[{"href":"https:\/\/baltgrow.eu\/et\/wp-json\/wp\/v2\/types\/product"}],"wp:featuredmedia":[{"embeddable":true,"href":"https:\/\/baltgrow.eu\/et\/wp-json\/wp\/v2\/media\/359"}],"wp:attachment":[{"href":"https:\/\/baltgrow.eu\/et\/wp-json\/wp\/v2\/media?parent=68"}],"wp:term":[{"taxonomy":"product_cat","embeddable":true,"href":"https:\/\/baltgrow.eu\/et\/wp-json\/wp\/v2\/product_cat?post=68"},{"taxonomy":"product_tag","embeddable":true,"href":"https:\/\/baltgrow.eu\/et\/wp-json\/wp\/v2\/product_tag?post=68"}],"curies":[{"name":"wp","href":"https:\/\/api.w.org\/{rel}","templated":true}]}}