{"id":67,"date":"2021-04-24T12:28:02","date_gmt":"2021-04-24T12:28:02","guid":{"rendered":"https:\/\/baltgrow.eu\/?post_type=product&#038;p=67"},"modified":"2021-05-14T22:01:28","modified_gmt":"2021-05-14T22:01:28","slug":"iguana-juice-organic-bloom","status":"publish","type":"product","link":"https:\/\/baltgrow.eu\/et\/toode\/iguana-juice-organic-bloom\/","title":{"rendered":"Iguana Juice Organic Bloom"},"content":{"rendered":"<h4>Sisaldab k\u00f5iki vajalikke toitaineid \u00f5iges vahekorras, et teie taim saaks kasvatada v\u00f5imalikult palju \u00f5itsemise algust ja lopsakaid lilli.<\/h4>\n<p>Orgaaniline \u00fchekomponendiline toitaine, mis sisaldab k\u00f5iki teie taime jaoks vajalikke makro- ja mikrotoitaineid. Sisaldab kalap\u00fc\u00fcgi k\u00f5rvalproduktidest valmistatud kalah\u00fcdrol\u00fcsaati ja p\u00e4rmiekstrakti, mis on t\u00e4is makrotoitaineid, mikrotoitaineid, mineraale, vitamiine ja 20 L-aminohapet, mis on taimede kasvu aluseks. Sisaldab toitainete paakumise v\u00e4ltimiseks ja toitainete imendumise suurendamiseks lignosulfonaati.<\/p>\n<p>&nbsp;<\/p>\n<h4>Juhend<\/h4>\n\n<table id=\"tablepress-10\" class=\"tablepress tablepress-id-10\">\n<thead>\n<tr class=\"row-1 odd\">\n\t<th class=\"column-1\">\u00d5itsemisel<\/th><th class=\"column-2\">N\u00e4dal 1 - 6<\/th><th class=\"column-3\">N\u00e4dal 7<\/th>\n<\/tr>\n<\/thead>\n<tbody class=\"row-hover\">\n<tr class=\"row-2 even\">\n\t<td class=\"column-1\"><\/td><td class=\"column-2\">4ml\/1L<\/td><td class=\"column-3\">Loputus<\/td>\n<\/tr>\n<\/tbody>\n<\/table>\n<!-- #tablepress-10 from cache -->\n<p>&nbsp;<\/p>\n<h4>Toode sisaldab<\/h4>\n\n<table id=\"tablepress-43\" class=\"tablepress tablepress-id-43\">\n<tbody class=\"row-hover\">\n<tr class=\"row-1 odd\">\n\t<td class=\"column-1\">L\u00e4mmastik (N)<br \/>\n<\/td><td class=\"column-2\">4% <\/td>\n<\/tr>\n<tr class=\"row-2 even\">\n\t<td class=\"column-1\">4% Vees lahustuv l\u00e4mmastik<\/td><td class=\"column-2\"><\/td>\n<\/tr>\n<tr class=\"row-3 odd\">\n\t<td class=\"column-1\">Fosfaat (P2O5)<\/td><td class=\"column-2\">3% <\/td>\n<\/tr>\n<tr class=\"row-4 even\">\n\t<td class=\"column-1\">Lahustuv kaaliumkloriid (K2O)<\/td><td class=\"column-2\">6% <\/td>\n<\/tr>\n<tr class=\"row-5 odd\">\n\t<td class=\"column-1\">Kaltsium (Ca)<\/td><td class=\"column-2\">1.2% <\/td>\n<\/tr>\n<tr class=\"row-6 even\">\n\t<td class=\"column-1\">Magneesium (Mg)<br \/>\n<\/td><td class=\"column-2\">0.3% <\/td>\n<\/tr>\n<tr class=\"row-7 odd\">\n\t<td class=\"column-1\">0.3% Vees lahustuv magneesium (Mg) <br \/>\n<\/td><td class=\"column-2\"><\/td>\n<\/tr>\n<tr class=\"row-8 even\">\n\t<td class=\"column-1\">V\u00e4\u00e4vel (S)<br \/>\n<\/td><td class=\"column-2\">3%<\/td>\n<\/tr>\n<tr class=\"row-9 odd\">\n\t<td class=\"column-1\">Boor (B)<\/td><td class=\"column-2\">0.01%<\/td>\n<\/tr>\n<tr class=\"row-10 even\">\n\t<td class=\"column-1\">Raud (Fe)<\/td><td class=\"column-2\">0.05% <\/td>\n<\/tr>\n<tr class=\"row-11 odd\">\n\t<td class=\"column-1\">0.05% Vees lahustuv raud (Fe) <\/td><td class=\"column-2\"><\/td>\n<\/tr>\n<tr class=\"row-12 even\">\n\t<td class=\"column-1\">Mangaan (Mn)<\/td><td class=\"column-2\">0.03% <\/td>\n<\/tr>\n<tr class=\"row-13 odd\">\n\t<td class=\"column-1\">0.03% Vees lahustuv mangaan (Mn) <\/td><td class=\"column-2\"><\/td>\n<\/tr>\n<tr class=\"row-14 even\">\n\t<td class=\"column-1\">Tsink (Zn)<br \/>\n<\/td><td class=\"column-2\">0.01% <\/td>\n<\/tr>\n<tr class=\"row-15 odd\">\n\t<td class=\"column-1\">0.01% Vees lahustuv tsink (Zn)<\/td><td class=\"column-2\"><\/td>\n<\/tr>\n<\/tbody>\n<\/table>\n<!-- #tablepress-43 from cache -->\n<p><strong>Sisaldab ka mittetaimset toitainet:<\/strong><br \/>\n0.5% Vitamiin B1 (Tiamiinvesinikkloriid) p\u00e4rmiekstraktist<br \/>\npH: 4,15<\/p>","protected":false},"excerpt":{"rendered":"<p>Now Get Organic Flowers and One-Part Convenience Iguana Juice\u2122 Bloom is a one-part, all-organic bloom base that works in all types of hydroponics systems to provide your plants what they need for bloom phase energy production, flower development, and strong metabolism. Use Iguana Juice\u2122 Bloom Organic OIM when you want the value-enhancing benefits of organic [&hellip;]<\/p>","protected":false},"featured_media":376,"template":"","meta":[],"product_cat":[22],"product_tag":[],"class_list":{"0":"post-67","1":"product","2":"type-product","3":"status-publish","4":"has-post-thumbnail","6":"product_cat-true-organics","8":"first","9":"instock","10":"shipping-taxable","11":"product-type-simple"},"_links":{"self":[{"href":"https:\/\/baltgrow.eu\/et\/wp-json\/wp\/v2\/product\/67","targetHints":{"allow":["GET"]}}],"collection":[{"href":"https:\/\/baltgrow.eu\/et\/wp-json\/wp\/v2\/product"}],"about":[{"href":"https:\/\/baltgrow.eu\/et\/wp-json\/wp\/v2\/types\/product"}],"wp:featuredmedia":[{"embeddable":true,"href":"https:\/\/baltgrow.eu\/et\/wp-json\/wp\/v2\/media\/376"}],"wp:attachment":[{"href":"https:\/\/baltgrow.eu\/et\/wp-json\/wp\/v2\/media?parent=67"}],"wp:term":[{"taxonomy":"product_cat","embeddable":true,"href":"https:\/\/baltgrow.eu\/et\/wp-json\/wp\/v2\/product_cat?post=67"},{"taxonomy":"product_tag","embeddable":true,"href":"https:\/\/baltgrow.eu\/et\/wp-json\/wp\/v2\/product_tag?post=67"}],"curies":[{"name":"wp","href":"https:\/\/api.w.org\/{rel}","templated":true}]}}