{"id":66,"date":"2021-04-24T12:27:43","date_gmt":"2021-04-24T12:27:43","guid":{"rendered":"https:\/\/baltgrow.eu\/?post_type=product&#038;p=66"},"modified":"2021-05-14T22:02:59","modified_gmt":"2021-05-14T22:02:59","slug":"iguana-juice-organic-grow","status":"publish","type":"product","link":"https:\/\/baltgrow.eu\/et\/toode\/iguana-juice-organic-grow\/","title":{"rendered":"Iguana Juice Organic Grow"},"content":{"rendered":"<h4>Andke oma v\u00e4\u00e4rtuslikele taimedele see h\u00f5lpsasti kasutatav orgaaniline baas!<\/h4>\n<p>Sisaldab k\u00f5iki vajalikke toitaineid \u00f5iges vahekorras, et teie taim saaks kasvatada tervena toimivat juurestikku ja kasvada lopsakalt. Orgaaniline \u00fchekomponendiline toitaine, mis sisaldab k\u00f5iki teie taime jaoks vajalikke makro- ja mikrotoitaineid. Sisaldab kalap\u00fc\u00fcgi k\u00f5rvalproduktidest valmistatud kalah\u00fcdrol\u00fcsaati ja p\u00e4rmiekstrakti, mis on t\u00e4is makrotoitaineid, mikrotoitaineid, mineraale, vitamiine ja 20 L-aminohapet, mis on taimede kasvu aluseks.Sisaldab toitainete paakumise v\u00e4ltimiseks ja toitainete imendumise suurendamiseks lignosulfonaati.<\/p>\n<p>&nbsp;<\/p>\n<h4>Juhend<\/h4>\n\n<table id=\"tablepress-9\" class=\"tablepress tablepress-id-9\">\n<thead>\n<tr class=\"row-1 odd\">\n\t<th class=\"column-1\">Kasvufaasis<\/th><th class=\"column-2\">1. n\u00e4dal<\/th><th class=\"column-3\">2. n\u00e4dal<\/th><th class=\"column-4\">3. n\u00e4dal<\/th>\n<\/tr>\n<\/thead>\n<tbody class=\"row-hover\">\n<tr class=\"row-2 even\">\n\t<td class=\"column-1\"><\/td><td class=\"column-2\">1ml\/1L<\/td><td class=\"column-3\">2ml\/1L<\/td><td class=\"column-4\">4ml\/1L<\/td>\n<\/tr>\n<\/tbody>\n<\/table>\n<!-- #tablepress-9 from cache -->\n<p>&nbsp;<\/p>\n<h4>Toode sisaldab<\/h4>\n\n<table id=\"tablepress-44\" class=\"tablepress tablepress-id-44\">\n<tbody class=\"row-hover\">\n<tr class=\"row-1 odd\">\n\t<td class=\"column-1\">L\u00e4mmastik (N)<br \/>\n<\/td><td class=\"column-2\">3% <\/td>\n<\/tr>\n<tr class=\"row-2 even\">\n\t<td class=\"column-1\">3% Vees lahustuv l\u00e4mmastik <\/td><td class=\"column-2\"><\/td>\n<\/tr>\n<tr class=\"row-3 odd\">\n\t<td class=\"column-1\">Fosfaat (P2O5)<\/td><td class=\"column-2\">1% <\/td>\n<\/tr>\n<tr class=\"row-4 even\">\n\t<td class=\"column-1\">Lahustuv kaaliumkloriid (K2O)<\/td><td class=\"column-2\">3% <\/td>\n<\/tr>\n<tr class=\"row-5 odd\">\n\t<td class=\"column-1\">Kaltsium (Ca)<\/td><td class=\"column-2\">0.5% <\/td>\n<\/tr>\n<tr class=\"row-6 even\">\n\t<td class=\"column-1\">Magneesium (Mg)<br \/>\n<\/td><td class=\"column-2\">0.5% <\/td>\n<\/tr>\n<tr class=\"row-7 odd\">\n\t<td class=\"column-1\">0.5% Vees lahustuv magneesium (Mg) <br \/>\n<\/td><td class=\"column-2\"><\/td>\n<\/tr>\n<tr class=\"row-8 even\">\n\t<td class=\"column-1\">V\u00e4\u00e4vel (S)<\/td><td class=\"column-2\">2.5% <\/td>\n<\/tr>\n<tr class=\"row-9 odd\">\n\t<td class=\"column-1\">Boor (B)<br \/>\n<\/td><td class=\"column-2\">0.01% <\/td>\n<\/tr>\n<tr class=\"row-10 even\">\n\t<td class=\"column-1\">Raud (Fe)<\/td><td class=\"column-2\">0.05% <br \/>\n<\/td>\n<\/tr>\n<tr class=\"row-11 odd\">\n\t<td class=\"column-1\">0.05% Vees lahustuv raud (Fe) <\/td><td class=\"column-2\"><\/td>\n<\/tr>\n<tr class=\"row-12 even\">\n\t<td class=\"column-1\">Mangaan (Mn)<\/td><td class=\"column-2\">0.03% <\/td>\n<\/tr>\n<tr class=\"row-13 odd\">\n\t<td class=\"column-1\">0.03% Vees lahustuv mangaan (Mn)<\/td><td class=\"column-2\"><\/td>\n<\/tr>\n<tr class=\"row-14 even\">\n\t<td class=\"column-1\">Tsink (Zn)<br \/>\n<\/td><td class=\"column-2\">0.01% <\/td>\n<\/tr>\n<tr class=\"row-15 odd\">\n\t<td class=\"column-1\">0.01% Vees lahustuv tsink (Zn)<\/td><td class=\"column-2\"><\/td>\n<\/tr>\n<\/tbody>\n<\/table>\n<!-- #tablepress-44 from cache -->\n<p><strong>Sisaldab ka mittetaimset toitainet:<\/strong><br \/>\n0.5% Vitamiin B1 (Tiamiinvesinikkloriid) p\u00e4rmiekstraktist<br \/>\npH: 4,04<\/p>","protected":false},"excerpt":{"rendered":"<p>Give Your High Value Plants this Easy to Use Organic Base Iguana Juice\u2122 Grow is a one-part, convenient, all-organic grow base that flows easily through all types of hydroponics systems you use. Loaded with essential nutrients your plants need for nutrient healthy roots, rapid veg phase growth, and sturdy stalks and stems, Iguana Juice\u2122 Grow [&hellip;]<\/p>","protected":false},"featured_media":377,"template":"","meta":[],"product_cat":[22],"product_tag":[],"class_list":{"0":"post-66","1":"product","2":"type-product","3":"status-publish","4":"has-post-thumbnail","6":"product_cat-true-organics","8":"first","9":"instock","10":"shipping-taxable","11":"product-type-simple"},"_links":{"self":[{"href":"https:\/\/baltgrow.eu\/et\/wp-json\/wp\/v2\/product\/66","targetHints":{"allow":["GET"]}}],"collection":[{"href":"https:\/\/baltgrow.eu\/et\/wp-json\/wp\/v2\/product"}],"about":[{"href":"https:\/\/baltgrow.eu\/et\/wp-json\/wp\/v2\/types\/product"}],"wp:featuredmedia":[{"embeddable":true,"href":"https:\/\/baltgrow.eu\/et\/wp-json\/wp\/v2\/media\/377"}],"wp:attachment":[{"href":"https:\/\/baltgrow.eu\/et\/wp-json\/wp\/v2\/media?parent=66"}],"wp:term":[{"taxonomy":"product_cat","embeddable":true,"href":"https:\/\/baltgrow.eu\/et\/wp-json\/wp\/v2\/product_cat?post=66"},{"taxonomy":"product_tag","embeddable":true,"href":"https:\/\/baltgrow.eu\/et\/wp-json\/wp\/v2\/product_tag?post=66"}],"curies":[{"name":"wp","href":"https:\/\/api.w.org\/{rel}","templated":true}]}}