{"id":64,"date":"2021-04-24T12:27:09","date_gmt":"2021-04-24T12:27:09","guid":{"rendered":"https:\/\/baltgrow.eu\/?post_type=product&#038;p=64"},"modified":"2021-05-12T12:04:15","modified_gmt":"2021-05-12T12:04:15","slug":"ph-perfect-connoisseur-coco-bloom-ab","status":"publish","type":"product","link":"https:\/\/baltgrow.eu\/et\/toode\/ph-perfect-connoisseur-coco-bloom-ab\/","title":{"rendered":"pH Perfect Connoisseur Coco Bloom A&#038;B"},"content":{"rendered":"<h4>Ultra-Premium 2-osaline \u00f5itsemisfaasi p\u00f5hitoit ainulaadselt koostatud kogenud kookosmullal kasvatajale!<\/h4>\n<p>PH Perfect \u00a9 Connoisseur Coco Bloom saladus on see, et ta sisaldab salajast koostisosa, mis paneb teie taimed kiiremini \u00f5itsema ning hoiab neid \u00f5iteilus kauem! Veelgi enam: leiate siit ka olulise l\u00fcli - mitmekesiselt kelaaditud rauavorme.<\/p>\n<p>&nbsp;<\/p>\n<h4>Juhend<\/h4>\n\n<table id=\"tablepress-11\" class=\"tablepress tablepress-id-11\">\n<thead>\n<tr class=\"row-1 odd\">\n\t<th class=\"column-1\">\u00d5itsemisel<\/th><th class=\"column-2\">N\u00e4dal 1 - 6<\/th><th class=\"column-3\">N\u00e4dal 7<\/th>\n<\/tr>\n<\/thead>\n<tbody class=\"row-hover\">\n<tr class=\"row-2 even\">\n\t<td class=\"column-1\">A+B<\/td><td class=\"column-2\">4ml\/1L<\/td><td class=\"column-3\">Loputus<\/td>\n<\/tr>\n<\/tbody>\n<\/table>\n<!-- #tablepress-11 from cache -->\n<p>Kasuta m\u00f5lemat toodet samal ajal ja samas koguses (1: 1)<\/p>\n<p>&nbsp;<\/p>\n<h4>Toode sisaldab<\/h4>\n\n<table id=\"tablepress-57\" class=\"tablepress tablepress-id-57\">\n<thead>\n<tr class=\"row-1 odd\">\n\t<th class=\"column-1\">A<\/th><th class=\"column-2\"><\/th>\n<\/tr>\n<\/thead>\n<tbody class=\"row-hover\">\n<tr class=\"row-2 even\">\n\t<td class=\"column-1\">L\u00e4mmastik (N)<\/td><td class=\"column-2\">4% w\/w<\/td>\n<\/tr>\n<tr class=\"row-3 odd\">\n\t<td class=\"column-1\">3.5% w\/w Nitraatl\u00e4mmastik<\/td><td class=\"column-2\"><\/td>\n<\/tr>\n<tr class=\"row-4 even\">\n\t<td class=\"column-1\">0.5% w\/w Uurea l\u00e4mmastik<\/td><td class=\"column-2\"><\/td>\n<\/tr>\n<tr class=\"row-5 odd\">\n\t<td class=\"column-1\">Vees lahustuv kaltsiumoksiid (CaO)<\/td><td class=\"column-2\">4.2% w\/w <\/td>\n<\/tr>\n<tr class=\"row-6 even\">\n\t<td class=\"column-1\">Vees lahustuv magneesiumoksiid (MgO)<\/td><td class=\"column-2\">1.7% w\/w<\/td>\n<\/tr>\n<tr class=\"row-7 odd\">\n\t<td class=\"column-1\">Vees lahustuv raud (Fe)<\/td><td class=\"column-2\">0.15% w\/w<\/td>\n<\/tr>\n<tr class=\"row-8 even\">\n\t<td class=\"column-1\">0.14% w\/w Kelaaditud raud (Fe) (DTPA\/EDDHA\/EDTA)<\/td><td class=\"column-2\"><\/td>\n<\/tr>\n<tr class=\"row-9 odd\">\n\t<td class=\"column-1\">Vees lahustuv mangaan (Mn)<\/td><td class=\"column-2\">0.05% w\/w<\/td>\n<\/tr>\n<tr class=\"row-10 even\">\n\t<td class=\"column-1\">0.04% w\/w Kelaaditud mangaan (Mn) (EDTA)<\/td><td class=\"column-2\"><\/td>\n<\/tr>\n<\/tbody>\n<\/table>\n<!-- #tablepress-57 from cache -->\n\n<table id=\"tablepress-58\" class=\"tablepress tablepress-id-58\">\n<thead>\n<tr class=\"row-1 odd\">\n\t<th class=\"column-1\">B<\/th><th class=\"column-2\"><\/th>\n<\/tr>\n<\/thead>\n<tbody class=\"row-hover\">\n<tr class=\"row-2 even\">\n\t<td class=\"column-1\">L\u00e4mmastik (N)<\/td><td class=\"column-2\">1% w\/w <\/td>\n<\/tr>\n<tr class=\"row-3 odd\">\n\t<td class=\"column-1\">0.3% w\/w Nitraatl\u00e4mmastik<\/td><td class=\"column-2\"><\/td>\n<\/tr>\n<tr class=\"row-4 even\">\n\t<td class=\"column-1\">0.7% w\/w Uurea l\u00e4mmastik<\/td><td class=\"column-2\"><\/td>\n<\/tr>\n<tr class=\"row-5 odd\">\n\t<td class=\"column-1\">Vees lahustuv fosforpentoksiid (P2O5)<\/td><td class=\"column-2\">4% w\/w <\/td>\n<\/tr>\n<tr class=\"row-6 even\">\n\t<td class=\"column-1\">Vees lahustuv kaaliumoksiid (K2O) <\/td><td class=\"column-2\">5% w\/w <\/td>\n<\/tr>\n<tr class=\"row-7 odd\">\n\t<td class=\"column-1\">Vees lahustuv boor (B)<\/td><td class=\"column-2\">0.03% w\/w<\/td>\n<\/tr>\n<\/tbody>\n<\/table>\n<!-- #tablepress-58 from cache -->","protected":false},"excerpt":{"rendered":"<p>Ultra-Premium 2-Part Bloom-Phase Base Nutrient Uniquely Formulated for Experienced Coco Coir Growers! Only truly expert growers need apply. Get ready for your biggest, heaviest harvests to date using pH Perfect\u00a9 Connoisseur Coco Bloom. Part of the secret is that pH Perfect Connoisseur Coco Bloom (and only pH Perfect Connoisseur Coco Bloom) includes a secret ingredient [&hellip;]<\/p>","protected":false},"featured_media":171,"template":"","meta":[],"product_cat":[21],"product_tag":[],"class_list":{"0":"post-64","1":"product","2":"type-product","3":"status-publish","4":"has-post-thumbnail","6":"product_cat-coco-base-nutrients","8":"first","9":"instock","10":"shipping-taxable","11":"product-type-simple"},"_links":{"self":[{"href":"https:\/\/baltgrow.eu\/et\/wp-json\/wp\/v2\/product\/64","targetHints":{"allow":["GET"]}}],"collection":[{"href":"https:\/\/baltgrow.eu\/et\/wp-json\/wp\/v2\/product"}],"about":[{"href":"https:\/\/baltgrow.eu\/et\/wp-json\/wp\/v2\/types\/product"}],"wp:featuredmedia":[{"embeddable":true,"href":"https:\/\/baltgrow.eu\/et\/wp-json\/wp\/v2\/media\/171"}],"wp:attachment":[{"href":"https:\/\/baltgrow.eu\/et\/wp-json\/wp\/v2\/media?parent=64"}],"wp:term":[{"taxonomy":"product_cat","embeddable":true,"href":"https:\/\/baltgrow.eu\/et\/wp-json\/wp\/v2\/product_cat?post=64"},{"taxonomy":"product_tag","embeddable":true,"href":"https:\/\/baltgrow.eu\/et\/wp-json\/wp\/v2\/product_tag?post=64"}],"curies":[{"name":"wp","href":"https:\/\/api.w.org\/{rel}","templated":true}]}}