{"id":62,"date":"2021-04-24T12:26:43","date_gmt":"2021-04-24T12:26:43","guid":{"rendered":"https:\/\/baltgrow.eu\/?post_type=product&#038;p=62"},"modified":"2021-05-12T11:44:55","modified_gmt":"2021-05-12T11:44:55","slug":"ph-perfect-sensi-coco-bloom-ab","status":"publish","type":"product","link":"https:\/\/baltgrow.eu\/et\/toode\/ph-perfect-sensi-coco-bloom-ab\/","title":{"rendered":"pH Perfect Sensi Coco Bloom A&#038;B"},"content":{"rendered":"<h4>Garanteerige endale j\u00e4rjepidevam ja maksimaalne saagikus selle pH-Perfect 2-osalise p\u00f5hitoitainega kookosmullale!<\/h4>\n<p>pH Perfect\u00ae Sensi Coco Bloom on kaheosaline p\u00f5hitoitainete koostis - mis on m\u00f5eldud kookosmullal kasvatajate ainulaadsete vajaduste rahuldamiseks - millele saate tugineda, et varustada oma taimi k\u00f5ige vajalikuga kogu \u00f5itsemisfaasi v\u00e4ltel. pH Perfect Sensi Coco Bloom annab teie taimedele kindla aluse toitainete tervisele ja varudele, et tagada silmapaistev \u00f5ie areng ja kvaliteet.<\/p>\n<p>&nbsp;<\/p>\n<h4>Juhend<\/h4>\n\n<table id=\"tablepress-13\" class=\"tablepress tablepress-id-13\">\n<thead>\n<tr class=\"row-1 odd\">\n\t<th class=\"column-1\">\u00d5itsemisel<\/th><th class=\"column-2\">N\u00e4dal 1 - 6<\/th><th class=\"column-3\">N\u00e4dal 7<\/th>\n<\/tr>\n<\/thead>\n<tbody class=\"row-hover\">\n<tr class=\"row-2 even\">\n\t<td class=\"column-1\">A+B<\/td><td class=\"column-2\">4ml\/1L<\/td><td class=\"column-3\">Loputus<\/td>\n<\/tr>\n<\/tbody>\n<\/table>\n<!-- #tablepress-13 from cache -->\n<p>Kasuta m\u00f5lemat toodet samal ajal ja samas koguses (1: 1)<\/p>\n<p>&nbsp;<\/p>\n<h4>Toode sisaldab<\/h4>\n\n<table id=\"tablepress-48\" class=\"tablepress tablepress-id-48\">\n<thead>\n<tr class=\"row-1 odd\">\n\t<th class=\"column-1\">A<\/th><th class=\"column-2\"><\/th>\n<\/tr>\n<\/thead>\n<tbody class=\"row-hover\">\n<tr class=\"row-2 even\">\n\t<td class=\"column-1\">L\u00e4mmastik (N)<br \/>\n<\/td><td class=\"column-2\">4% w\/w <\/td>\n<\/tr>\n<tr class=\"row-3 odd\">\n\t<td class=\"column-1\">3.4% w\/w Nitraatl\u00e4mmastik <\/td><td class=\"column-2\"><\/td>\n<\/tr>\n<tr class=\"row-4 even\">\n\t<td class=\"column-1\">0.6% w\/w Uurea l\u00e4mmastik<\/td><td class=\"column-2\"><\/td>\n<\/tr>\n<tr class=\"row-5 odd\">\n\t<td class=\"column-1\">Vees lahustuv kaltsiumoksiid (CaO)<\/td><td class=\"column-2\">4.9% w\/w <\/td>\n<\/tr>\n<tr class=\"row-6 even\">\n\t<td class=\"column-1\">Vees lahustuv magneesiumoksiid (MgO)<br \/>\n<\/td><td class=\"column-2\">1.5% w\/w <\/td>\n<\/tr>\n<tr class=\"row-7 odd\">\n\t<td class=\"column-1\">Vees lahustuv raud (Fe)<br \/>\n<\/td><td class=\"column-2\">0.175% w\/w <\/td>\n<\/tr>\n<tr class=\"row-8 even\">\n\t<td class=\"column-1\">0.15% w\/w Kelaaditud raud (Fe) (DTPA\/EDDHA\/EDTA)<\/td><td class=\"column-2\"><\/td>\n<\/tr>\n<tr class=\"row-9 odd\">\n\t<td class=\"column-1\">Vees lahustuv mangaan (Mn)<br \/>\n<\/td><td class=\"column-2\">0.05% w\/w<\/td>\n<\/tr>\n<tr class=\"row-10 even\">\n\t<td class=\"column-1\">0.04% w\/w Kelaaditud mangaan (Mn) (EDTA)<\/td><td class=\"column-2\"><\/td>\n<\/tr>\n<\/tbody>\n<\/table>\n<!-- #tablepress-48 from cache -->\n\n<table id=\"tablepress-49\" class=\"tablepress tablepress-id-49\">\n<thead>\n<tr class=\"row-1 odd\">\n\t<th class=\"column-1\">B<\/th><th class=\"column-2\"><\/th>\n<\/tr>\n<\/thead>\n<tbody class=\"row-hover\">\n<tr class=\"row-2 even\">\n\t<td class=\"column-1\">Vees lahustuv fosforpentoksiid (P2O5)<\/td><td class=\"column-2\">4% w\/w<\/td>\n<\/tr>\n<tr class=\"row-3 odd\">\n\t<td class=\"column-1\">Vees lahustuv kaaliumoksiid (K2O)<\/td><td class=\"column-2\">5% w\/w<\/td>\n<\/tr>\n<tr class=\"row-4 even\">\n\t<td class=\"column-1\">Vees lahustuv v\u00e4\u00e4veltrioksiid (SO3)<br \/>\n<\/td><td class=\"column-2\">2.3% w\/w<\/td>\n<\/tr>\n<\/tbody>\n<\/table>\n<!-- #tablepress-49 from cache -->","protected":false},"excerpt":{"rendered":"<p>Guarantee Yourself A More Consistent, Maximized Yield With This pH Perfect 2-Part Base Nutrient for Coco Coir! pH Perfect\u00ae Sensi Coco Bloom is a two-part base nutrient - designed for the unique needs of coco coir growers - that you can rely on to supply your plants with what they need throughout the crucial bloom [&hellip;]<\/p>","protected":false},"featured_media":170,"template":"","meta":[],"product_cat":[21],"product_tag":[],"class_list":{"0":"post-62","1":"product","2":"type-product","3":"status-publish","4":"has-post-thumbnail","6":"product_cat-coco-base-nutrients","8":"first","9":"instock","10":"shipping-taxable","11":"product-type-simple"},"_links":{"self":[{"href":"https:\/\/baltgrow.eu\/et\/wp-json\/wp\/v2\/product\/62","targetHints":{"allow":["GET"]}}],"collection":[{"href":"https:\/\/baltgrow.eu\/et\/wp-json\/wp\/v2\/product"}],"about":[{"href":"https:\/\/baltgrow.eu\/et\/wp-json\/wp\/v2\/types\/product"}],"wp:featuredmedia":[{"embeddable":true,"href":"https:\/\/baltgrow.eu\/et\/wp-json\/wp\/v2\/media\/170"}],"wp:attachment":[{"href":"https:\/\/baltgrow.eu\/et\/wp-json\/wp\/v2\/media?parent=62"}],"wp:term":[{"taxonomy":"product_cat","embeddable":true,"href":"https:\/\/baltgrow.eu\/et\/wp-json\/wp\/v2\/product_cat?post=62"},{"taxonomy":"product_tag","embeddable":true,"href":"https:\/\/baltgrow.eu\/et\/wp-json\/wp\/v2\/product_tag?post=62"}],"curies":[{"name":"wp","href":"https:\/\/api.w.org\/{rel}","templated":true}]}}