{"id":61,"date":"2021-04-24T12:25:43","date_gmt":"2021-04-24T12:25:43","guid":{"rendered":"https:\/\/baltgrow.eu\/?post_type=product&#038;p=61"},"modified":"2021-05-15T13:16:43","modified_gmt":"2021-05-15T13:16:43","slug":"jungle-juice-grow-bloom-micro","status":"publish","type":"product","link":"https:\/\/baltgrow.eu\/et\/toode\/jungle-juice-grow-bloom-micro\/","title":{"rendered":"Jungle Juice Grow Bloom Micro"},"content":{"rendered":"<h4>Kolmeosaline p\u00f5hiv\u00e4etis mida vajad edukaks kasvuks ja \u00f5itsemiseks<\/h4>\n<p>Jungle Juice tootesari sobib nii mullas kui ka h\u00fcdropoonikaga kasvatamiseks. Tagab tugeva kasvu ja \u00f5itsengu. Lisage Jungle Juice Micro vette alati esimesena ja segage h\u00e4sti l\u00e4bi. Seej\u00e4rel lisage Jungle Juice Grow ja \/ v\u00f5i Jungle Juice Bloom.<\/p>\n<p>H\u00fcdropoonika toitelahustes: segage iga n\u00e4dal uus reservuaar.<br \/>\nKookose substraadis: iga p\u00e4ev.<br \/>\nTeistes substraatides: 2-4 korda n\u00e4dalas vastavalt vajadusele.<\/p>\n<p>&nbsp;<\/p>\n<h4>Juhend<\/h4>\n\n<table id=\"tablepress-1\" class=\"tablepress tablepress-id-1\">\n<thead>\n<tr class=\"row-1 odd\">\n\t<th class=\"column-1\"><\/th><th class=\"column-2\">V\u00f5rsed<\/th><th class=\"column-3\">V\u00e4ikesed taimed<\/th><th class=\"column-4\">Kasvufaasis<\/th><th class=\"column-5\">\u00d5itsemise eel<\/th><th class=\"column-6\">\u00d5itsemisel<\/th>\n<\/tr>\n<\/thead>\n<tbody class=\"row-hover\">\n<tr class=\"row-2 even\">\n\t<td class=\"column-1\">Grow<\/td><td class=\"column-2\">0,33ml\/1L<\/td><td class=\"column-3\">1,32ml\/1L<\/td><td class=\"column-4\">3,96ml\/1L<\/td><td class=\"column-5\">2,64ml\/1L<\/td><td class=\"column-6\">1,32ml\/1L<\/td>\n<\/tr>\n<tr class=\"row-3 odd\">\n\t<td class=\"column-1\">Micro<\/td><td class=\"column-2\">0,33ml\/1L<\/td><td class=\"column-3\">1,32ml\/1L<\/td><td class=\"column-4\">2,64ml\/1L<\/td><td class=\"column-5\">2,64ml\/1L<\/td><td class=\"column-6\">2,64ml\/1L<\/td>\n<\/tr>\n<tr class=\"row-4 even\">\n\t<td class=\"column-1\">Bloom<\/td><td class=\"column-2\">0,33ml\/1L<\/td><td class=\"column-3\">1,32ml\/1L<\/td><td class=\"column-4\">1,32ml\/1L<\/td><td class=\"column-5\">2,64ml\/1L<\/td><td class=\"column-6\">3,96ml\/1L<\/td>\n<\/tr>\n<\/tbody>\n<\/table>\n<!-- #tablepress-1 from cache -->\n<p>&nbsp;<\/p>\n<h4>Toode sisaldab<\/h4>\n\n<table id=\"tablepress-50\" class=\"tablepress tablepress-id-50\">\n<thead>\n<tr class=\"row-1 odd\">\n\t<th class=\"column-1\">Grow<\/th><th class=\"column-2\"><\/th>\n<\/tr>\n<\/thead>\n<tbody class=\"row-hover\">\n<tr class=\"row-2 even\">\n\t<td class=\"column-1\">L\u00e4mmastik (N)<br \/>\n<\/td><td class=\"column-2\"> 2% w\/w<\/td>\n<\/tr>\n<tr class=\"row-3 odd\">\n\t<td class=\"column-1\">0.25% w\/w Ammoonium l\u00e4mmstik<\/td><td class=\"column-2\"><\/td>\n<\/tr>\n<tr class=\"row-4 even\">\n\t<td class=\"column-1\">1.75% w\/w Nitraatl\u00e4mmastik<\/td><td class=\"column-2\"><\/td>\n<\/tr>\n<tr class=\"row-5 odd\">\n\t<td class=\"column-1\">Vees lahustuv fosforpentoksiid (P2O5)<\/td><td class=\"column-2\">1% w\/w<\/td>\n<\/tr>\n<tr class=\"row-6 even\">\n\t<td class=\"column-1\">Vees lahustuv kaaliumoksiid (K2O)<br \/>\n<\/td><td class=\"column-2\">6% w\/w<\/td>\n<\/tr>\n<tr class=\"row-7 odd\">\n\t<td class=\"column-1\">Vees lahustuv magneesiumoksiid (MgO)<br \/>\n<\/td><td class=\"column-2\">0.8% w\/w<\/td>\n<\/tr>\n<\/tbody>\n<\/table>\n<!-- #tablepress-50 from cache -->\n\n<table id=\"tablepress-51\" class=\"tablepress tablepress-id-51\">\n<thead>\n<tr class=\"row-1 odd\">\n\t<th class=\"column-1\">Micro<\/th><th class=\"column-2\"><\/th>\n<\/tr>\n<\/thead>\n<tbody class=\"row-hover\">\n<tr class=\"row-2 even\">\n\t<td class=\"column-1\">L\u00e4mmastik (N) <\/td><td class=\"column-2\">5% w\/w<\/td>\n<\/tr>\n<tr class=\"row-3 odd\">\n\t<td class=\"column-1\">0.3% w\/w Ammoonium l\u00e4mmastik<\/td><td class=\"column-2\"><\/td>\n<\/tr>\n<tr class=\"row-4 even\">\n\t<td class=\"column-1\">4.7% w\/w Nitraatl\u00e4mmastik<\/td><td class=\"column-2\"><\/td>\n<\/tr>\n<tr class=\"row-5 odd\">\n\t<td class=\"column-1\">Vees lahustuv kaaliumoksiid (K2O)<\/td><td class=\"column-2\">1% w\/w<\/td>\n<\/tr>\n<tr class=\"row-6 even\">\n\t<td class=\"column-1\">Vees lahustuv kaltsiumoksiid (CaO)<\/td><td class=\"column-2\">7% w\/w<\/td>\n<\/tr>\n<tr class=\"row-7 odd\">\n\t<td class=\"column-1\">Vees lahustuv boor (B)<\/td><td class=\"column-2\">0.01% w\/w<br \/>\n<\/td>\n<\/tr>\n<tr class=\"row-8 even\">\n\t<td class=\"column-1\">Vees lahustuv koobalt (Co)<\/td><td class=\"column-2\">0.0005% w\/w<\/td>\n<\/tr>\n<tr class=\"row-9 odd\">\n\t<td class=\"column-1\">Vees lahustuv vask (Cu)<br \/>\n<\/td><td class=\"column-2\">0.01% w\/w<\/td>\n<\/tr>\n<tr class=\"row-10 even\">\n\t<td class=\"column-1\">0.01% w\/w Kelaaditud vask (Cu) (EDTA)<br \/>\n<\/td><td class=\"column-2\"><\/td>\n<\/tr>\n<tr class=\"row-11 odd\">\n\t<td class=\"column-1\">Vees lahustuv raud (Fe)<br \/>\n<\/td><td class=\"column-2\">0.1% w\/w<\/td>\n<\/tr>\n<tr class=\"row-12 even\">\n\t<td class=\"column-1\">0.1% w\/w Kelaaditud raud (Fe) (DTPA\/EDDHA\/EDTA)<br \/>\n<\/td><td class=\"column-2\"><\/td>\n<\/tr>\n<tr class=\"row-13 odd\">\n\t<td class=\"column-1\">Vees lahustuv mangaan (Mn)<br \/>\n<\/td><td class=\"column-2\">0.05% w\/w<\/td>\n<\/tr>\n<tr class=\"row-14 even\">\n\t<td class=\"column-1\">0.05% w\/w Kelaaditud mangaan (Mn)(EDTA)<\/td><td class=\"column-2\"><\/td>\n<\/tr>\n<tr class=\"row-15 odd\">\n\t<td class=\"column-1\">Vees lahustuv mol\u00fcbdeen (Mo)<br \/>\n<\/td><td class=\"column-2\">0.0008% w\/w<\/td>\n<\/tr>\n<tr class=\"row-16 even\">\n\t<td class=\"column-1\">Vees lahustuv tsink (Zn)<\/td><td class=\"column-2\">0.015% w\/w<br \/>\n<\/td>\n<\/tr>\n<tr class=\"row-17 odd\">\n\t<td class=\"column-1\">0.015% w\/w Kelaaditud tsink (Zn)<br \/>\n<\/td><td class=\"column-2\"><\/td>\n<\/tr>\n<\/tbody>\n<\/table>\n<!-- #tablepress-51 from cache -->\n\n<table id=\"tablepress-52\" class=\"tablepress tablepress-id-52\">\n<thead>\n<tr class=\"row-1 odd\">\n\t<th class=\"column-1\">Bloom<\/th><th class=\"column-2\"><\/th>\n<\/tr>\n<\/thead>\n<tbody class=\"row-hover\">\n<tr class=\"row-2 even\">\n\t<td class=\"column-1\">Vees lahustuv fosforpentoksiid (P2O5)<br \/>\n<\/td><td class=\"column-2\">5% w\/w<\/td>\n<\/tr>\n<tr class=\"row-3 odd\">\n\t<td class=\"column-1\">Vees lahustuv kaaliumoksiid (K2O)<\/td><td class=\"column-2\">4% w\/w<\/td>\n<\/tr>\n<tr class=\"row-4 even\">\n\t<td class=\"column-1\">Vees lahustuv magneesiumoksiid (MgO)<\/td><td class=\"column-2\">2.5% w\/w<\/td>\n<\/tr>\n<tr class=\"row-5 odd\">\n\t<td class=\"column-1\">Vees lahustuv v\u00e4\u00e4veltrioksiid (SO3)<br \/>\n<\/td><td class=\"column-2\">2.5% w\/w<\/td>\n<\/tr>\n<\/tbody>\n<\/table>\n<!-- #tablepress-52 from cache -->","protected":false},"excerpt":{"rendered":"<p>Maximize Your Bloom Phase With This 3-Part Base Nutrient Everything you need to prepare for successful growth and flowering. The Jungle Juice product series is designed for use in hydroponics and soil growing. Always add Jungle Juice Micro to fresh water first and mix in well, then add Jungle Juice Grow and\/or Jungle Juice Bloom. [&hellip;]<\/p>","protected":false},"featured_media":88,"template":"","meta":[],"product_cat":[20],"product_tag":[],"class_list":{"0":"post-61","1":"product","2":"type-product","3":"status-publish","4":"has-post-thumbnail","6":"product_cat-base-nutrients","8":"first","9":"instock","10":"shipping-taxable","11":"product-type-simple"},"_links":{"self":[{"href":"https:\/\/baltgrow.eu\/et\/wp-json\/wp\/v2\/product\/61","targetHints":{"allow":["GET"]}}],"collection":[{"href":"https:\/\/baltgrow.eu\/et\/wp-json\/wp\/v2\/product"}],"about":[{"href":"https:\/\/baltgrow.eu\/et\/wp-json\/wp\/v2\/types\/product"}],"wp:featuredmedia":[{"embeddable":true,"href":"https:\/\/baltgrow.eu\/et\/wp-json\/wp\/v2\/media\/88"}],"wp:attachment":[{"href":"https:\/\/baltgrow.eu\/et\/wp-json\/wp\/v2\/media?parent=61"}],"wp:term":[{"taxonomy":"product_cat","embeddable":true,"href":"https:\/\/baltgrow.eu\/et\/wp-json\/wp\/v2\/product_cat?post=61"},{"taxonomy":"product_tag","embeddable":true,"href":"https:\/\/baltgrow.eu\/et\/wp-json\/wp\/v2\/product_tag?post=61"}],"curies":[{"name":"wp","href":"https:\/\/api.w.org\/{rel}","templated":true}]}}