{"id":60,"date":"2021-04-24T12:25:31","date_gmt":"2021-04-24T12:25:31","guid":{"rendered":"https:\/\/baltgrow.eu\/?post_type=product&#038;p=60"},"modified":"2021-05-10T11:18:03","modified_gmt":"2021-05-10T11:18:03","slug":"ph-perfect-connoisseur-grow-ab","status":"publish","type":"product","link":"https:\/\/baltgrow.eu\/et\/toode\/ph-perfect-connoisseur-grow-ab\/","title":{"rendered":"pH Perfect Connoisseur Grow A&#038;B"},"content":{"rendered":"<h4>Ultra-Premium 2-osaline kasvufaasi p\u00f5hiv\u00e4etis m\u00f5eldud kogenud kasvatajatele!<\/h4>\n<p>Advanced Nutrients lipulaev, pH Perfect \u00a9 Connoisseur Grow on kasvatajale kes soovib saada maksimaalset saaki. Selle toote uurimis- ja tootmist\u00f6\u00f6delt ei ole kokku hoitud. Selle v\u00e4etise v\u00f5imsad koostisosad aitavad teie p\u00f5llukultuurid viia v\u00f5imalikult produktiivsesse kasvufaasi. \n<br>\n<br>\n\nSelles A + B pakendis saate 5 toodet:\n<br>\n<li>Niisutustoode, mis l\u00f5hub vee pindpinevust ja aitab imada toitaineid.<\/li>\n\n<li>H-2 (huumushapped) ja F-1 (Fulvohapped), mis m\u00f5lemad aitavad hoida pH taset.<\/li>\n\n<li>20 erinevat aminohapet, mis on nagu ehitusmaterjalid olles h\u00e4davajalikud varte, lehtede ja \u00f5ite rakuseinte ehitamiseks. Neid aminohappeid nimetatakse. pH Perfect Technology, mis t\u00e4hendab, et pH p\u00fcsib alati t\u00e4pselt \u00f5iges kohas.<\/li><\/p>\n<p>&nbsp;<\/p>\n<h4>Juhend<\/h4>\n\n<table id=\"tablepress-12\" class=\"tablepress tablepress-id-12\">\n<thead>\n<tr class=\"row-1 odd\">\n\t<th class=\"column-1\">Kasvufaasis<\/th><th class=\"column-2\">1. n\u00e4dal<\/th><th class=\"column-3\">2. n\u00e4dal<\/th><th class=\"column-4\">3. n\u00e4dal<\/th><th class=\"column-5\">4. n\u00e4dal<\/th>\n<\/tr>\n<\/thead>\n<tbody class=\"row-hover\">\n<tr class=\"row-2 even\">\n\t<td class=\"column-1\">A+B<\/td><td class=\"column-2\">1ml\/1L<\/td><td class=\"column-3\">2ml\/1L<\/td><td class=\"column-4\">4ml\/1L<\/td><td class=\"column-5\">4ml\/1L<\/td>\n<\/tr>\n<\/tbody>\n<\/table>\n<!-- #tablepress-12 from cache -->\n<p>Kasuta m\u00f5lemat toodet samal ajal ja samas koguses (1: 1)<\/p>\n<p>&nbsp;<\/p>\n<h4>Toode sisaldab<\/h4>\n\n<table id=\"tablepress-53\" class=\"tablepress tablepress-id-53\">\n<thead>\n<tr class=\"row-1 odd\">\n\t<th class=\"column-1\">A<\/th><th class=\"column-2\"><\/th>\n<\/tr>\n<\/thead>\n<tbody class=\"row-hover\">\n<tr class=\"row-2 even\">\n\t<td class=\"column-1\"> L\u00e4mmastik (N)<br \/>\n<\/td><td class=\"column-2\">4% w\/w<\/td>\n<\/tr>\n<tr class=\"row-3 odd\">\n\t<td class=\"column-1\">4% w\/w Nitraatl\u00e4mmastik <\/td><td class=\"column-2\"><\/td>\n<\/tr>\n<tr class=\"row-4 even\">\n\t<td class=\"column-1\">Vees lahustuv kaltsiumoksiid (CaO)<\/td><td class=\"column-2\">4.9% w\/w <\/td>\n<\/tr>\n<tr class=\"row-5 odd\">\n\t<td class=\"column-1\">Vees lahustuv magneesiumoksiid (MgO)<\/td><td class=\"column-2\">1.5% w\/w <\/td>\n<\/tr>\n<tr class=\"row-6 even\">\n\t<td class=\"column-1\">Vees lahustuv raud (Fe)<\/td><td class=\"column-2\">0.05% w\/w <\/td>\n<\/tr>\n<tr class=\"row-7 odd\">\n\t<td class=\"column-1\">0.04% w\/w Kelaaditud raud (Fe) (DTPA\/EDDHA\/EDTA) <\/td><td class=\"column-2\"><\/td>\n<\/tr>\n<tr class=\"row-8 even\">\n\t<td class=\"column-1\">Vees lahustuv mangaan (Mn)<br \/>\n<\/td><td class=\"column-2\">0.05% w\/w <\/td>\n<\/tr>\n<tr class=\"row-9 odd\">\n\t<td class=\"column-1\">0.04% w\/w Kelaaditud mangaan (Mn) (EDTA)<\/td><td class=\"column-2\"><\/td>\n<\/tr>\n<\/tbody>\n<\/table>\n<!-- #tablepress-53 from cache -->\n\n<table id=\"tablepress-54\" class=\"tablepress tablepress-id-54\">\n<thead>\n<tr class=\"row-1 odd\">\n\t<th class=\"column-1\">B<\/th><th class=\"column-2\"><\/th>\n<\/tr>\n<\/thead>\n<tbody class=\"row-hover\">\n<tr class=\"row-2 even\">\n\t<td class=\"column-1\">L\u00e4mmastik (N)<\/td><td class=\"column-2\">1% w\/w <\/td>\n<\/tr>\n<tr class=\"row-3 odd\">\n\t<td class=\"column-1\">0.1% w\/w Ammoonium l\u00e4mmastik <\/td><td class=\"column-2\"><\/td>\n<\/tr>\n<tr class=\"row-4 even\">\n\t<td class=\"column-1\">0.9% w\/w Nitraatl\u00e4mmastik<\/td><td class=\"column-2\"><\/td>\n<\/tr>\n<tr class=\"row-5 odd\">\n\t<td class=\"column-1\">Vees lahustuv fosforpentoksiid (P2O5)<\/td><td class=\"column-2\">2% w\/w <\/td>\n<\/tr>\n<tr class=\"row-6 even\">\n\t<td class=\"column-1\">Vees lahustuv kaaliumoksiid (K2O) <\/td><td class=\"column-2\">7% w\/w <\/td>\n<\/tr>\n<tr class=\"row-7 odd\">\n\t<td class=\"column-1\">Vees lahustuv v\u00e4\u00e4veltrioksiid (SO3)<br \/>\n<\/td><td class=\"column-2\">3.8% w\/w<\/td>\n<\/tr>\n<\/tbody>\n<\/table>\n<!-- #tablepress-54 from cache -->","protected":false},"excerpt":{"rendered":"<p>Ultra-Premium 2-Part Grow-Phase Base Nutrient Uniquely Formulated for Experienced Growers! If you\u2019re already a top-notch grower praised by customers and friends, and you\u2019ve already maxed out the potential of your current feeding program \u2013 and if, after all that success, you still want even more yield \u2013 then Advanced Nutrients\u2019 flagship formulation, pH Perfect\u00a9 Connoisseur [&hellip;]<\/p>","protected":false},"featured_media":173,"template":"","meta":[],"product_cat":[20],"product_tag":[],"class_list":{"0":"post-60","1":"product","2":"type-product","3":"status-publish","4":"has-post-thumbnail","6":"product_cat-base-nutrients","8":"first","9":"instock","10":"shipping-taxable","11":"product-type-simple"},"_links":{"self":[{"href":"https:\/\/baltgrow.eu\/et\/wp-json\/wp\/v2\/product\/60","targetHints":{"allow":["GET"]}}],"collection":[{"href":"https:\/\/baltgrow.eu\/et\/wp-json\/wp\/v2\/product"}],"about":[{"href":"https:\/\/baltgrow.eu\/et\/wp-json\/wp\/v2\/types\/product"}],"wp:featuredmedia":[{"embeddable":true,"href":"https:\/\/baltgrow.eu\/et\/wp-json\/wp\/v2\/media\/173"}],"wp:attachment":[{"href":"https:\/\/baltgrow.eu\/et\/wp-json\/wp\/v2\/media?parent=60"}],"wp:term":[{"taxonomy":"product_cat","embeddable":true,"href":"https:\/\/baltgrow.eu\/et\/wp-json\/wp\/v2\/product_cat?post=60"},{"taxonomy":"product_tag","embeddable":true,"href":"https:\/\/baltgrow.eu\/et\/wp-json\/wp\/v2\/product_tag?post=60"}],"curies":[{"name":"wp","href":"https:\/\/api.w.org\/{rel}","templated":true}]}}