{"id":59,"date":"2021-04-24T12:25:17","date_gmt":"2021-04-24T12:25:17","guid":{"rendered":"https:\/\/baltgrow.eu\/?post_type=product&#038;p=59"},"modified":"2021-05-10T09:15:41","modified_gmt":"2021-05-10T09:15:41","slug":"ph-perfect-connoisseur-bloom-ab","status":"publish","type":"product","link":"https:\/\/baltgrow.eu\/et\/toode\/ph-perfect-connoisseur-bloom-ab\/","title":{"rendered":"pH Perfect Connoisseur Bloom A&#038;B"},"content":{"rendered":"<h4>Ultra-Premium 2-osaline \u00f5itsemisfaasi p\u00f5hiv\u00e4etis m\u00f5eldud kogenud kasvatajatele!<\/h4>\n<p>Kui soovite saada suuremat saaki siis on \u00f5itsemisfaas kriitiline aeg . N\u00fc\u00fcd saate Advanced Nutrients \u2019pH Perfect Connoisseur Bloom abil valmistuda oma seniseks parimaks saagiks. Selle p\u00f5hjuseks on see, et see sisaldab ainult k\u00f5ige v\u00f5imsamaid koostisosi, mis aitavad teie taimi v\u00f5imalikult viljakale \u00f5itsengule viia. Lisaks hoiab pH Perfect tehnoloogia pH kogu \u00f5itsemisfaasi igal n\u00e4dalal \u00f5igena. Kasutage lihtsalt pH Perfect Connoisseur Bloom'i vastavalt juhistele ja lubame teile saaki, mis \u00fcletab teie ootused. Eliitkasvatajatele, kes soovivad oma taimedest maksimumi saada, pole paremat p\u00f5hitoitainet.<\/p>\n<p>&nbsp;<\/p>\n<h4>Juhend<\/h4>\n\n<table id=\"tablepress-13\" class=\"tablepress tablepress-id-13\">\n<thead>\n<tr class=\"row-1 odd\">\n\t<th class=\"column-1\">\u00d5itsemisel<\/th><th class=\"column-2\">N\u00e4dal 1 - 6<\/th><th class=\"column-3\">N\u00e4dal 7<\/th>\n<\/tr>\n<\/thead>\n<tbody class=\"row-hover\">\n<tr class=\"row-2 even\">\n\t<td class=\"column-1\">A+B<\/td><td class=\"column-2\">4ml\/1L<\/td><td class=\"column-3\">Loputus<\/td>\n<\/tr>\n<\/tbody>\n<\/table>\n<!-- #tablepress-13 from cache -->\n<p>Kasuta m\u00f5lemat toodet samal ajal ja samas koguses (1: 1)<\/p>\n<p>&nbsp;<\/p>\n<h4>Toode sisaldab<\/h4>\n\n<table id=\"tablepress-20\" class=\"tablepress tablepress-id-20\">\n<thead>\n<tr class=\"row-1 odd\">\n\t<th class=\"column-1\">A<\/th><th class=\"column-2\"><\/th>\n<\/tr>\n<\/thead>\n<tbody class=\"row-hover\">\n<tr class=\"row-2 even\">\n\t<td class=\"column-1\">L\u00e4mmastik (N)<\/td><td class=\"column-2\">3% w\/w <\/td>\n<\/tr>\n<tr class=\"row-3 odd\">\n\t<td class=\"column-1\">2.5% w\/w Nitraatl\u00e4mmastik <\/td><td class=\"column-2\"><\/td>\n<\/tr>\n<tr class=\"row-4 even\">\n\t<td class=\"column-1\">0.5% w\/w Uurea l\u00e4mmastik <\/td><td class=\"column-2\"><\/td>\n<\/tr>\n<tr class=\"row-5 odd\">\n\t<td class=\"column-1\">Vees lahustuv kaltsiumoksiid (CaO) <\/td><td class=\"column-2\">3.1% w\/w <\/td>\n<\/tr>\n<tr class=\"row-6 even\">\n\t<td class=\"column-1\">Vees lahustuv magneesiumoksiid (MgO) <\/td><td class=\"column-2\">1.2% w\/w<br \/>\n<\/td>\n<\/tr>\n<\/tbody>\n<\/table>\n<!-- #tablepress-20 from cache -->\n\n<table id=\"tablepress-21\" class=\"tablepress tablepress-id-21\">\n<thead>\n<tr class=\"row-1 odd\">\n\t<th class=\"column-1\">B<\/th><th class=\"column-2\"><\/th>\n<\/tr>\n<\/thead>\n<tbody class=\"row-hover\">\n<tr class=\"row-2 even\">\n\t<td class=\"column-1\">L\u00e4mmastik (N) <\/td><td class=\"column-2\">2% w\/w <\/td>\n<\/tr>\n<tr class=\"row-3 odd\">\n\t<td class=\"column-1\">0.05% w\/w Ammoonium l\u00e4mmastik <br \/>\n<\/td><td class=\"column-2\"><\/td>\n<\/tr>\n<tr class=\"row-4 even\">\n\t<td class=\"column-1\">1.95% w\/w Nitraatl\u00e4mmastik <br \/>\n<\/td><td class=\"column-2\"><\/td>\n<\/tr>\n<tr class=\"row-5 odd\">\n\t<td class=\"column-1\">Vees lahustuv fosforpentoksiid (P2O5) <\/td><td class=\"column-2\">4% w\/w <\/td>\n<\/tr>\n<tr class=\"row-6 even\">\n\t<td class=\"column-1\">Vees lahustuv kaaliumoksiid (K2O) <\/td><td class=\"column-2\">10% w\/w <\/td>\n<\/tr>\n<tr class=\"row-7 odd\">\n\t<td class=\"column-1\">Vees lahustuv v\u00e4\u00e4vel (S) <\/td><td class=\"column-2\">0.4% w\/w<br \/>\n<\/td>\n<\/tr>\n<\/tbody>\n<\/table>\n<!-- #tablepress-21 from cache -->","protected":false},"excerpt":{"rendered":"<p>Ultra-Premium 2-Part Bloom-Phase Base Nutrient Uniquely Formulated for Experienced Growers! When it comes to getting the bigger yields you want, the bloom phase is a critical time to get it right. Now you can get ready for your best harvests to date using Advanced Nutrients\u2019 pH Perfect\u00a9 Connoisseur Bloom. That\u2019s because this flagship formulation contains [&hellip;]<\/p>","protected":false},"featured_media":175,"template":"","meta":[],"product_cat":[20],"product_tag":[],"class_list":{"0":"post-59","1":"product","2":"type-product","3":"status-publish","4":"has-post-thumbnail","6":"product_cat-base-nutrients","8":"first","9":"instock","10":"shipping-taxable","11":"product-type-simple"},"_links":{"self":[{"href":"https:\/\/baltgrow.eu\/et\/wp-json\/wp\/v2\/product\/59","targetHints":{"allow":["GET"]}}],"collection":[{"href":"https:\/\/baltgrow.eu\/et\/wp-json\/wp\/v2\/product"}],"about":[{"href":"https:\/\/baltgrow.eu\/et\/wp-json\/wp\/v2\/types\/product"}],"wp:featuredmedia":[{"embeddable":true,"href":"https:\/\/baltgrow.eu\/et\/wp-json\/wp\/v2\/media\/175"}],"wp:attachment":[{"href":"https:\/\/baltgrow.eu\/et\/wp-json\/wp\/v2\/media?parent=59"}],"wp:term":[{"taxonomy":"product_cat","embeddable":true,"href":"https:\/\/baltgrow.eu\/et\/wp-json\/wp\/v2\/product_cat?post=59"},{"taxonomy":"product_tag","embeddable":true,"href":"https:\/\/baltgrow.eu\/et\/wp-json\/wp\/v2\/product_tag?post=59"}],"curies":[{"name":"wp","href":"https:\/\/api.w.org\/{rel}","templated":true}]}}