{"id":58,"date":"2021-04-24T12:24:58","date_gmt":"2021-04-24T12:24:58","guid":{"rendered":"https:\/\/baltgrow.eu\/?post_type=product&#038;p=58"},"modified":"2021-05-12T12:17:57","modified_gmt":"2021-05-12T12:17:57","slug":"ph-perfect-sensi-bloom-ab","status":"publish","type":"product","link":"https:\/\/baltgrow.eu\/et\/toode\/ph-perfect-sensi-bloom-ab\/","title":{"rendered":"pH Perfect Sensi Bloom A&#038;B"},"content":{"rendered":"<h4>Andke oma taimedele usaldusv\u00e4\u00e4rset \u00f5itsemiseks vajalikku v\u00e4etist<\/h4>\n<p>pH Perfect\u00ae Sensi Bloom on kaheosaline \u00f5itsenguks vajaminevate p\u00f5hitoitainete koostis, millele v\u00f5ite \u00f5itsemisfaasi jooksul loota. Kasutage pH Perfect Sensi Bloom'i, et anda oma taimedele kindel alus, mida nad vajavad \u00f5iepungade arenguks.<\/p>\n<p>&nbsp;<\/p>\n<h4>Juhend<\/h4>\n\n<table id=\"tablepress-12\" class=\"tablepress tablepress-id-12\">\n<thead>\n<tr class=\"row-1 odd\">\n\t<th class=\"column-1\">Kasvufaasis<\/th><th class=\"column-2\">1. n\u00e4dal<\/th><th class=\"column-3\">2. n\u00e4dal<\/th><th class=\"column-4\">3. n\u00e4dal<\/th><th class=\"column-5\">4. n\u00e4dal<\/th>\n<\/tr>\n<\/thead>\n<tbody class=\"row-hover\">\n<tr class=\"row-2 even\">\n\t<td class=\"column-1\">A+B<\/td><td class=\"column-2\">1ml\/1L<\/td><td class=\"column-3\">2ml\/1L<\/td><td class=\"column-4\">4ml\/1L<\/td><td class=\"column-5\">4ml\/1L<\/td>\n<\/tr>\n<\/tbody>\n<\/table>\n<!-- #tablepress-12 from cache -->\n<p>Kasuta m\u00f5lemat toodet samal ajal ja samas koguses (1: 1)<\/p>\n<p>&nbsp;<\/p>\n<h4>Toode sisaldab<\/h4>\n\n<table id=\"tablepress-18\" class=\"tablepress tablepress-id-18\">\n<thead>\n<tr class=\"row-1 odd\">\n\t<th class=\"column-1\">A<\/th><th class=\"column-2\"><\/th>\n<\/tr>\n<\/thead>\n<tbody class=\"row-hover\">\n<tr class=\"row-2 even\">\n\t<td class=\"column-1\">L\u00e4mmastik (N)<\/td><td class=\"column-2\">3% w\/w<\/td>\n<\/tr>\n<tr class=\"row-3 odd\">\n\t<td class=\"column-1\">Vees lahustuv kaltsiumoksiid (CaO)<\/td><td class=\"column-2\">2.9% w\/w<\/td>\n<\/tr>\n<tr class=\"row-4 even\">\n\t<td class=\"column-1\">Vees lahustuv magneesiumoksiid (MgO) <\/td><td class=\"column-2\">1% w\/w<\/td>\n<\/tr>\n<\/tbody>\n<\/table>\n<!-- #tablepress-18 from cache -->\n\n<table id=\"tablepress-59\" class=\"tablepress tablepress-id-59\">\n<thead>\n<tr class=\"row-1 odd\">\n\t<th class=\"column-1\">B<\/th><th class=\"column-2\"><\/th>\n<\/tr>\n<\/thead>\n<tbody class=\"row-hover\">\n<tr class=\"row-2 even\">\n\t<td class=\"column-1\">L\u00e4mmastik (N)<\/td><td class=\"column-2\">2% w\/w<\/td>\n<\/tr>\n<tr class=\"row-3 odd\">\n\t<td class=\"column-1\">1.7% w\/w Nitraatl\u00e4mmastik<\/td><td class=\"column-2\"><\/td>\n<\/tr>\n<tr class=\"row-4 even\">\n\t<td class=\"column-1\">Vees lahustuv fosforpentoksiid (P2O5)<\/td><td class=\"column-2\">4% w\/w<\/td>\n<\/tr>\n<tr class=\"row-5 odd\">\n\t<td class=\"column-1\">Vees lahustuv kaaliumoksiid (K2O)<\/td><td class=\"column-2\">8% w\/w<\/td>\n<\/tr>\n<tr class=\"row-6 even\">\n\t<td class=\"column-1\">Vees lahustuv v\u00e4\u00e4veltrioksiid (SO3)<\/td><td class=\"column-2\">1% w\/w<\/td>\n<\/tr>\n<\/tbody>\n<\/table>\n<!-- #tablepress-59 from cache -->","protected":false},"excerpt":{"rendered":"<p>Give Your Plants Reliable Full-Bloom Nutrition pH Perfect\u00ae Sensi Bloom is the two-part bloom base nutrients formula you can absolutely count on during your all-important bloom phase. Use pH Perfect Sensi Bloom to give your valuable plants the solid foundation they need for rewarding floral development. Use pH Perfect Sensi Bloom when you want the [&hellip;]<\/p>","protected":false},"featured_media":177,"template":"","meta":[],"product_cat":[20],"product_tag":[],"class_list":{"0":"post-58","1":"product","2":"type-product","3":"status-publish","4":"has-post-thumbnail","6":"product_cat-base-nutrients","8":"first","9":"instock","10":"shipping-taxable","11":"product-type-simple"},"_links":{"self":[{"href":"https:\/\/baltgrow.eu\/et\/wp-json\/wp\/v2\/product\/58","targetHints":{"allow":["GET"]}}],"collection":[{"href":"https:\/\/baltgrow.eu\/et\/wp-json\/wp\/v2\/product"}],"about":[{"href":"https:\/\/baltgrow.eu\/et\/wp-json\/wp\/v2\/types\/product"}],"wp:featuredmedia":[{"embeddable":true,"href":"https:\/\/baltgrow.eu\/et\/wp-json\/wp\/v2\/media\/177"}],"wp:attachment":[{"href":"https:\/\/baltgrow.eu\/et\/wp-json\/wp\/v2\/media?parent=58"}],"wp:term":[{"taxonomy":"product_cat","embeddable":true,"href":"https:\/\/baltgrow.eu\/et\/wp-json\/wp\/v2\/product_cat?post=58"},{"taxonomy":"product_tag","embeddable":true,"href":"https:\/\/baltgrow.eu\/et\/wp-json\/wp\/v2\/product_tag?post=58"}],"curies":[{"name":"wp","href":"https:\/\/api.w.org\/{rel}","templated":true}]}}